{"id":12187,"date":"2017-02-08T09:48:39","date_gmt":"2017-02-08T09:48:39","guid":{"rendered":"https:\/\/gruponuno.com\/seguros\/contact\/"},"modified":"2023-02-02T23:41:32","modified_gmt":"2023-02-02T23:41:32","slug":"contact","status":"publish","type":"page","link":"https:\/\/gruponuno.com\/seguros\/en\/contact\/","title":{"rendered":"Contact"},"content":{"rendered":"\t\t<div data-elementor-type=\"wp-page\" data-elementor-id=\"12187\" class=\"elementor elementor-12187 elementor-1171\" data-elementor-post-type=\"page\">\n\t\t\t\t\t\t<section class=\"elementor-section elementor-top-section elementor-element elementor-element-37103d6 elementor-section-boxed elementor-section-height-default elementor-section-height-default\" data-id=\"37103d6\" data-element_type=\"section\" data-settings=\"{&quot;background_background&quot;:&quot;classic&quot;}\">\n\t\t\t\t\t\t<div class=\"elementor-container elementor-column-gap-default\">\n\t\t\t\t\t<div class=\"elementor-column elementor-col-100 elementor-top-column elementor-element elementor-element-37108e5\" data-id=\"37108e5\" data-element_type=\"column\" data-settings=\"{&quot;background_background&quot;:&quot;classic&quot;}\">\n\t\t\t<div class=\"elementor-widget-wrap elementor-element-populated\">\n\t\t\t\t\t\t<div class=\"elementor-element elementor-element-3710f3c elementor-widget elementor-widget-stm_contacts_widget\" data-id=\"3710f3c\" data-element_type=\"widget\" data-widget_type=\"stm_contacts_widget.default\">\n\t\t\t\t<div class=\"elementor-widget-container\">\n\t\t\t\t\t\n<div class=\"stm_contacts_widget consulting_elementor_contacts_widget style_4 \">\n    \n            <h4 class=\"no_stripe\">Contact Us<\/h4>\n    \n    \n        <ul>\n                            <li>\n                    <div class=\"icon\"><i class=\"fa fa-map-marker\"><\/i><\/div>\n                    <div class=\"text\">C. Mexicaltzingo 2379, Arcos Sur, 44150 Guadalajara, Jal.<\/div>\n                <\/li>\n                                        <li>\n                    <div class=\"icon\"><i class=\"fa fa-phone\"><\/i><\/div>\n                    <div class=\"text\">\n                        +52 33 3849 7819                                            <\/div>\n                <\/li>\n                                                    <li>\n                    <div class=\"icon\"><i class=\"fa fa-envelope\"><\/i><\/div>\n                    <div class=\"text\"><a href=\"mailto:in&#102;o&#64;&#103;&#114;&#117;p&#111;&#110;u&#110;&#111;&#46;&#99;&#111;m\">i&#110;&#102;&#111;&#64;&#103;rupo&#110;&#117;no&#46;&#99;o&#109;<\/a><\/div>\n                <\/li>\n                                <\/ul>\n                    <ul class=\"socials\">\n                                    <li><a href=\"https:\/\/www.facebook.com\/gruponuno\/\" target=\"_blank\" class=\"social-facebook\"><i class=\"fa fa-facebook\"><\/i><\/a><\/li>\n                                                    <li><a href=\"https:\/\/twitter.com\/GrupoNuno\/\" target=\"_blank\" class=\"social-twitter\"><i class=\"fa fa-twitter\"><\/i><\/a><\/li>\n                                                    <li><a href=\"https:\/\/www.linkedin.com\/authwall?trk=gf&#038;trkInfo=AQGgnGav_XXgIwAAAYI8MKwYnPVmqhckz21cAMommA7JA0nHbSwXF_N7teaqIcEZFdJyVODogi_XcXQ4Sl2y9FJju1zMGSqHnfI7l8iMPM7xDoCEAOW0v7qviZbxvJgtpFnkx04=&#038;original_referer=https:\/\/netk.com.mx\/&#038;sessionRedirect=https%3A%2F%2Fwww.linkedin.com%2Fcompany%2Fgruponuno%2F\" target=\"_blank\" class=\"social-linkedin\"><i class=\"fa fa-linkedin\"><\/i><\/a><\/li>\n                                                            <\/ul>\n        \n    \n<\/div>\t\t\t\t<\/div>\n\t\t\t\t<\/div>\n\t\t\t\t\t<\/div>\n\t\t<\/div>\n\t\t\t\t<div class=\"elementor-column elementor-col-100 elementor-top-column elementor-element elementor-element-3710ff7\" data-id=\"3710ff7\" data-element_type=\"column\" data-settings=\"{&quot;background_background&quot;:&quot;classic&quot;}\">\n\t\t\t<div class=\"elementor-widget-wrap elementor-element-populated\">\n\t\t\t\t\t\t<div class=\"elementor-element elementor-element-37113db elementor-hidden-desktop elementor-hidden-tablet elementor-hidden-mobile elementor-widget elementor-widget-stm_contact_form_7\" data-id=\"37113db\" data-element_type=\"widget\" data-widget_type=\"stm_contact_form_7.default\">\n\t\t\t\t<div class=\"elementor-widget-container\">\n\t\t\t\t\t\n<div class=\"wpcf7 no-js\" id=\"wpcf7-f1173-o1\" lang=\"en-US\" dir=\"ltr\">\n<div class=\"screen-reader-response\"><p role=\"status\" aria-live=\"polite\" aria-atomic=\"true\"><\/p> <ul><\/ul><\/div>\n<form action=\"\/seguros\/en\/wp-json\/wp\/v2\/pages\/12187#wpcf7-f1173-o1\" method=\"post\" class=\"wpcf7-form init\" aria-label=\"Contact form\" novalidate=\"novalidate\" data-status=\"init\">\n<div style=\"display: none;\">\n<input type=\"hidden\" name=\"_wpcf7\" value=\"1173\" \/>\n<input type=\"hidden\" name=\"_wpcf7_version\" value=\"5.9.8\" \/>\n<input type=\"hidden\" name=\"_wpcf7_locale\" value=\"en_US\" \/>\n<input type=\"hidden\" name=\"_wpcf7_unit_tag\" value=\"wpcf7-f1173-o1\" \/>\n<input type=\"hidden\" name=\"_wpcf7_container_post\" value=\"0\" \/>\n<input type=\"hidden\" name=\"_wpcf7_posted_data_hash\" value=\"\" \/>\n<input type=\"hidden\" name=\"_wpcf7_recaptcha_response\" value=\"\" \/>\n<\/div>\n<div class=\"request_callback\">\n    <div class=\"row\">\n        <div class=\"col-lg-6 col-md-6 col-sm-6 col-xs-12\">\n            <div class=\"input-group\">\n                <span class=\"wpcf7-form-control-wrap\" data-name=\"text-name\"><input size=\"40\" maxlength=\"400\" class=\"wpcf7-form-control wpcf7-text wpcf7-validates-as-required\" aria-required=\"true\" aria-invalid=\"false\" placeholder=\"Nombre Completo *\" value=\"\" type=\"text\" name=\"text-name\" \/><\/span>\n            <\/div>\n           <div class=\"input-group\">\n               <span class=\"wpcf7-form-control-wrap\" data-name=\"telefono\"><input size=\"40\" maxlength=\"400\" class=\"wpcf7-form-control wpcf7-tel wpcf7-text wpcf7-validates-as-tel\" aria-invalid=\"false\" placeholder=\"Tel\u00e9fono\" value=\"\" type=\"tel\" name=\"telefono\" \/><\/span>\n            <\/div>\n        \n            <div class=\"input-group\">\n                <span class=\"wpcf7-form-control-wrap\" data-name=\"email\"><input size=\"40\" maxlength=\"400\" class=\"wpcf7-form-control wpcf7-email wpcf7-validates-as-required wpcf7-text wpcf7-validates-as-email\" aria-required=\"true\" aria-invalid=\"false\" placeholder=\"E-mail *\" value=\"\" type=\"email\" name=\"email\" \/><\/span>\n            <\/div>\n         \n        <\/div>\n        <div class=\"col-lg-6 col-md-6 col-sm-6 col-xs-12\">\n            <div class=\"input-group\">\n                <span class=\"wpcf7-form-control-wrap\" data-name=\"menu-363\"><select class=\"wpcf7-form-control wpcf7-select wpcf7-validates-as-required\" aria-required=\"true\" aria-invalid=\"false\" name=\"menu-363\"><option value=\"\">Seguro del que deseas Informaci\u00f3n<\/option><option value=\"Seguro para Transporte de Carga y Mercanc\u00eda\">Seguro para Transporte de Carga y Mercanc\u00eda<\/option><option value=\"Seguro para Contenedores\">Seguro para Contenedores<\/option><option value=\"Club Salud\/Gastos M\u00e9dicos\">Club Salud\/Gastos M\u00e9dicos<\/option><option value=\"RC Ambiental\">RC Ambiental<\/option><option value=\"RC Log\u00edstica\">RC Log\u00edstica<\/option><option value=\"Seguro de Cr\u00e9dito\">Seguro de Cr\u00e9dito<\/option><option value=\"Protecci\u00f3n de datos\">Protecci\u00f3n de datos<\/option><option value=\"Seguro para Autos\">Seguro para Autos<\/option><option value=\"Seguro para Tracto camiones\">Seguro para Tracto camiones<\/option><option value=\"Seguro para Flotillas\">Seguro para Flotillas<\/option><option value=\"Seguro contra fraudes\">Seguro contra fraudes<\/option><option value=\"Seguro para Casa Habitaci\u00f3n\">Seguro para Casa Habitaci\u00f3n<\/option><option value=\"Seguro para Mascotas\">Seguro para Mascotas<\/option><option value=\"Administraci\u00f3n de Riesgos.\">Administraci\u00f3n de Riesgos.<\/option><option value=\"Seguro de Vida.\">Seguro de Vida.<\/option><option value=\"Accidentes escolares\">Accidentes escolares<\/option><option value=\"My Deducible\">My Deducible<\/option><option value=\"Seguro de deudor o para prestamos\">Seguro de deudor o para prestamos<\/option><option value=\"RC Eventos y Exposiciones\">RC Eventos y Exposiciones<\/option><option value=\"Otro\">Otro<\/option><\/select><\/span>\n            <\/div>\n        \n            <div class=\"input-group\">\n                <span class=\"wpcf7-form-control-wrap\" data-name=\"message\"><textarea cols=\"40\" rows=\"10\" maxlength=\"2000\" class=\"wpcf7-form-control wpcf7-textarea\" aria-invalid=\"false\" placeholder=\"Cu\u00e9ntanos m\u00e1s sobre lo que necesitas:\" name=\"message\"><\/textarea><\/span>\n            <\/div>\n            <div class=\"input-group\">\n                <button type=\"Enviar\" class=\"button size-lg icon_right\">Enviar <i class=\"fa fa-chevron-right\"><\/i><\/button>\n            <\/div>\n        <\/div>\n    <\/div>\n<\/div><div class=\"wpcf7-response-output\" aria-hidden=\"true\"><\/div>\n<\/form>\n<\/div>\n\t\t\t\t\t\t<\/div>\n\t\t\t\t<\/div>\n\t\t\t\t<div class=\"elementor-element elementor-element-4c4e926 elementor-widget elementor-widget-html\" data-id=\"4c4e926\" data-element_type=\"widget\" data-widget_type=\"html.default\">\n\t\t\t\t<div class=\"elementor-widget-container\">\n\t\t\t\t\t<script type=\"text\/javascript\" src=\"https:\/\/api.clientify.net\/web-marketing\/superforms\/script\/107172.js\"><\/script>\t\t\t\t<\/div>\n\t\t\t\t<\/div>\n\t\t\t\t\t<\/div>\n\t\t<\/div>\n\t\t\t\t\t<\/div>\n\t\t<\/section>\n\t\t\t\t<\/div>\n\t\t","protected":false},"excerpt":{"rendered":"<p>Contact Us C. Mexicaltzingo 2379, Arcos Sur, 44150 Guadalajara, Jal. +52 33 3849 7819 info@gruponuno.com Seguro del que deseas Informaci\u00f3nSeguro para Transporte de Carga y Mercanc\u00edaSeguro para ContenedoresClub Salud\/Gastos M\u00e9dicosRC AmbientalRC Log\u00edsticaSeguro de Cr\u00e9ditoProtecci\u00f3n de datosSeguro para AutosSeguro para Tracto camionesSeguro para FlotillasSeguro contra fraudesSeguro para Casa Habitaci\u00f3nSeguro para MascotasAdministraci\u00f3n de Riesgos.Seguro de Vida.Accidentes escolaresMy<\/p>\n","protected":false},"author":1,"featured_media":0,"parent":0,"menu_order":0,"comment_status":"closed","ping_status":"closed","template":"","meta":{"footnotes":""},"class_list":["post-12187","page","type-page","status-publish","hentry"],"yoast_head":"<!-- This site is optimized with the Yoast SEO plugin v23.5 - https:\/\/yoast.com\/wordpress\/plugins\/seo\/ -->\n<title>Contact - Grupo Nu\u00f1o m\u00e1s que Seguros y Fianzas<\/title>\n<meta name=\"description\" content=\"Grupo Nu\u00f1o has service throughout the Mexican Republic. Insurance, surety bonds, insurance quotes, health insurance, personal accident insurance, personal accident insurance. Contact us\" \/>\n<meta name=\"robots\" content=\"index, follow, max-snippet:-1, max-image-preview:large, max-video-preview:-1\" \/>\n<link rel=\"canonical\" href=\"https:\/\/gruponuno.com\/seguros\/contact\/\" \/>\n<meta property=\"og:locale\" content=\"en_US\" \/>\n<meta property=\"og:type\" content=\"article\" \/>\n<meta property=\"og:title\" content=\"Contact - Grupo Nu\u00f1o m\u00e1s que Seguros y Fianzas\" \/>\n<meta property=\"og:description\" content=\"Grupo Nu\u00f1o has service throughout the Mexican Republic. Insurance, surety bonds, insurance quotes, health insurance, personal accident insurance, personal accident insurance. Contact us\" \/>\n<meta property=\"og:url\" content=\"https:\/\/gruponuno.com\/seguros\/contact\/\" \/>\n<meta property=\"og:site_name\" content=\"Grupo Nu\u00f1o m\u00e1s que Seguros y Fianzas\" \/>\n<meta property=\"article:publisher\" content=\"https:\/\/www.facebook.com\/gruponuno\/\" \/>\n<meta property=\"article:modified_time\" content=\"2023-02-02T23:41:32+00:00\" \/>\n<meta name=\"twitter:card\" content=\"summary_large_image\" \/>\n<meta name=\"twitter:site\" content=\"@gruponuno\" \/>\n<meta name=\"twitter:label1\" content=\"Est. reading time\" \/>\n\t<meta name=\"twitter:data1\" content=\"1 minute\" \/>\n<script type=\"application\/ld+json\" class=\"yoast-schema-graph\">{\"@context\":\"https:\/\/schema.org\",\"@graph\":[{\"@type\":\"WebPage\",\"@id\":\"https:\/\/gruponuno.com\/seguros\/contact\/\",\"url\":\"https:\/\/gruponuno.com\/seguros\/contact\/\",\"name\":\"Contact - Grupo Nu\u00f1o m\u00e1s que Seguros y Fianzas\",\"isPartOf\":{\"@id\":\"https:\/\/gruponuno.com\/seguros\/#website\"},\"datePublished\":\"2017-02-08T09:48:39+00:00\",\"dateModified\":\"2023-02-02T23:41:32+00:00\",\"description\":\"Grupo Nu\u00f1o has service throughout the Mexican Republic. Insurance, surety bonds, insurance quotes, health insurance, personal accident insurance, personal accident insurance. Contact us\",\"breadcrumb\":{\"@id\":\"https:\/\/gruponuno.com\/seguros\/contact\/#breadcrumb\"},\"inLanguage\":\"en-US\",\"potentialAction\":[{\"@type\":\"ReadAction\",\"target\":[\"https:\/\/gruponuno.com\/seguros\/contact\/\"]}]},{\"@type\":\"BreadcrumbList\",\"@id\":\"https:\/\/gruponuno.com\/seguros\/contact\/#breadcrumb\",\"itemListElement\":[{\"@type\":\"ListItem\",\"position\":1,\"name\":\"Portada\",\"item\":\"https:\/\/gruponuno.com\/seguros\/en\/\"},{\"@type\":\"ListItem\",\"position\":2,\"name\":\"Contact\"}]},{\"@type\":\"WebSite\",\"@id\":\"https:\/\/gruponuno.com\/seguros\/#website\",\"url\":\"https:\/\/gruponuno.com\/seguros\/\",\"name\":\"Grupo Nu\u00f1o m\u00e1s que Seguros y Fianzas\",\"description\":\"Somos especialistas en la prevenci\u00f3n de p\u00e9rdidas econ\u00f3micas para el sector log\u00edstico e industrial. Asegura con nosotros 800 024 9988; seguro para carga, contenedores, cr\u00e9dito, fraudes, gastos m\u00e9dicos, vida y autos\",\"publisher\":{\"@id\":\"https:\/\/gruponuno.com\/seguros\/#organization\"},\"alternateName\":\"Grupo Nu\u00f1o, m\u00e1s que Seguros y Fianzas\",\"potentialAction\":[{\"@type\":\"SearchAction\",\"target\":{\"@type\":\"EntryPoint\",\"urlTemplate\":\"https:\/\/gruponuno.com\/seguros\/?s={search_term_string}\"},\"query-input\":{\"@type\":\"PropertyValueSpecification\",\"valueRequired\":true,\"valueName\":\"search_term_string\"}}],\"inLanguage\":\"en-US\"},{\"@type\":\"Organization\",\"@id\":\"https:\/\/gruponuno.com\/seguros\/#organization\",\"name\":\"Grupo Nu\u00f1o m\u00e1s que Seguros y Fianzas\",\"alternateName\":\"Grupo Nu\u00f1o, m\u00e1s que Seguros y Fianzas\",\"url\":\"https:\/\/gruponuno.com\/seguros\/\",\"logo\":{\"@type\":\"ImageObject\",\"inLanguage\":\"en-US\",\"@id\":\"https:\/\/gruponuno.com\/seguros\/#\/schema\/logo\/image\/\",\"url\":\"https:\/\/gruponuno.com\/seguros\/wp-content\/uploads\/2022\/03\/Logo-Grupo-Nuno.png\",\"contentUrl\":\"https:\/\/gruponuno.com\/seguros\/wp-content\/uploads\/2022\/03\/Logo-Grupo-Nuno.png\",\"width\":170,\"height\":87,\"caption\":\"Grupo Nu\u00f1o m\u00e1s que Seguros y Fianzas\"},\"image\":{\"@id\":\"https:\/\/gruponuno.com\/seguros\/#\/schema\/logo\/image\/\"},\"sameAs\":[\"https:\/\/www.facebook.com\/gruponuno\/\",\"https:\/\/x.com\/gruponuno\"]}]}<\/script>\n<!-- \/ Yoast SEO plugin. -->","yoast_head_json":{"title":"Contact - Grupo Nu\u00f1o m\u00e1s que Seguros y Fianzas","description":"Grupo Nu\u00f1o has service throughout the Mexican Republic. Insurance, surety bonds, insurance quotes, health insurance, personal accident insurance, personal accident insurance. Contact us","robots":{"index":"index","follow":"follow","max-snippet":"max-snippet:-1","max-image-preview":"max-image-preview:large","max-video-preview":"max-video-preview:-1"},"canonical":"https:\/\/gruponuno.com\/seguros\/contact\/","og_locale":"en_US","og_type":"article","og_title":"Contact - Grupo Nu\u00f1o m\u00e1s que Seguros y Fianzas","og_description":"Grupo Nu\u00f1o has service throughout the Mexican Republic. Insurance, surety bonds, insurance quotes, health insurance, personal accident insurance, personal accident insurance. Contact us","og_url":"https:\/\/gruponuno.com\/seguros\/contact\/","og_site_name":"Grupo Nu\u00f1o m\u00e1s que Seguros y Fianzas","article_publisher":"https:\/\/www.facebook.com\/gruponuno\/","article_modified_time":"2023-02-02T23:41:32+00:00","twitter_card":"summary_large_image","twitter_site":"@gruponuno","twitter_misc":{"Est. reading time":"1 minute"},"schema":{"@context":"https:\/\/schema.org","@graph":[{"@type":"WebPage","@id":"https:\/\/gruponuno.com\/seguros\/contact\/","url":"https:\/\/gruponuno.com\/seguros\/contact\/","name":"Contact - Grupo Nu\u00f1o m\u00e1s que Seguros y Fianzas","isPartOf":{"@id":"https:\/\/gruponuno.com\/seguros\/#website"},"datePublished":"2017-02-08T09:48:39+00:00","dateModified":"2023-02-02T23:41:32+00:00","description":"Grupo Nu\u00f1o has service throughout the Mexican Republic. Insurance, surety bonds, insurance quotes, health insurance, personal accident insurance, personal accident insurance. Contact us","breadcrumb":{"@id":"https:\/\/gruponuno.com\/seguros\/contact\/#breadcrumb"},"inLanguage":"en-US","potentialAction":[{"@type":"ReadAction","target":["https:\/\/gruponuno.com\/seguros\/contact\/"]}]},{"@type":"BreadcrumbList","@id":"https:\/\/gruponuno.com\/seguros\/contact\/#breadcrumb","itemListElement":[{"@type":"ListItem","position":1,"name":"Portada","item":"https:\/\/gruponuno.com\/seguros\/en\/"},{"@type":"ListItem","position":2,"name":"Contact"}]},{"@type":"WebSite","@id":"https:\/\/gruponuno.com\/seguros\/#website","url":"https:\/\/gruponuno.com\/seguros\/","name":"Grupo Nu\u00f1o m\u00e1s que Seguros y Fianzas","description":"Somos especialistas en la prevenci\u00f3n de p\u00e9rdidas econ\u00f3micas para el sector log\u00edstico e industrial. Asegura con nosotros 800 024 9988; seguro para carga, contenedores, cr\u00e9dito, fraudes, gastos m\u00e9dicos, vida y autos","publisher":{"@id":"https:\/\/gruponuno.com\/seguros\/#organization"},"alternateName":"Grupo Nu\u00f1o, m\u00e1s que Seguros y Fianzas","potentialAction":[{"@type":"SearchAction","target":{"@type":"EntryPoint","urlTemplate":"https:\/\/gruponuno.com\/seguros\/?s={search_term_string}"},"query-input":{"@type":"PropertyValueSpecification","valueRequired":true,"valueName":"search_term_string"}}],"inLanguage":"en-US"},{"@type":"Organization","@id":"https:\/\/gruponuno.com\/seguros\/#organization","name":"Grupo Nu\u00f1o m\u00e1s que Seguros y Fianzas","alternateName":"Grupo Nu\u00f1o, m\u00e1s que Seguros y Fianzas","url":"https:\/\/gruponuno.com\/seguros\/","logo":{"@type":"ImageObject","inLanguage":"en-US","@id":"https:\/\/gruponuno.com\/seguros\/#\/schema\/logo\/image\/","url":"https:\/\/gruponuno.com\/seguros\/wp-content\/uploads\/2022\/03\/Logo-Grupo-Nuno.png","contentUrl":"https:\/\/gruponuno.com\/seguros\/wp-content\/uploads\/2022\/03\/Logo-Grupo-Nuno.png","width":170,"height":87,"caption":"Grupo Nu\u00f1o m\u00e1s que Seguros y Fianzas"},"image":{"@id":"https:\/\/gruponuno.com\/seguros\/#\/schema\/logo\/image\/"},"sameAs":["https:\/\/www.facebook.com\/gruponuno\/","https:\/\/x.com\/gruponuno"]}]}},"amp_enabled":true,"_links":{"self":[{"href":"https:\/\/gruponuno.com\/seguros\/en\/wp-json\/wp\/v2\/pages\/12187"}],"collection":[{"href":"https:\/\/gruponuno.com\/seguros\/en\/wp-json\/wp\/v2\/pages"}],"about":[{"href":"https:\/\/gruponuno.com\/seguros\/en\/wp-json\/wp\/v2\/types\/page"}],"author":[{"embeddable":true,"href":"https:\/\/gruponuno.com\/seguros\/en\/wp-json\/wp\/v2\/users\/1"}],"replies":[{"embeddable":true,"href":"https:\/\/gruponuno.com\/seguros\/en\/wp-json\/wp\/v2\/comments?post=12187"}],"version-history":[{"count":24,"href":"https:\/\/gruponuno.com\/seguros\/en\/wp-json\/wp\/v2\/pages\/12187\/revisions"}],"predecessor-version":[{"id":15767,"href":"https:\/\/gruponuno.com\/seguros\/en\/wp-json\/wp\/v2\/pages\/12187\/revisions\/15767"}],"wp:attachment":[{"href":"https:\/\/gruponuno.com\/seguros\/en\/wp-json\/wp\/v2\/media?parent=12187"}],"curies":[{"name":"wp","href":"https:\/\/api.w.org\/{rel}","templated":true}]}}