{"id":12193,"date":"2022-07-25T18:26:47","date_gmt":"2022-07-25T18:26:47","guid":{"rendered":"https:\/\/gruponuno.com\/seguros\/bonds\/"},"modified":"2022-11-17T17:15:59","modified_gmt":"2022-11-17T17:15:59","slug":"bonds","status":"publish","type":"page","link":"https:\/\/gruponuno.com\/seguros\/en\/bonds\/","title":{"rendered":"Bonds"},"content":{"rendered":"\t\t<div data-elementor-type=\"wp-page\" data-elementor-id=\"12193\" class=\"elementor elementor-12193 elementor-9433\" data-elementor-post-type=\"page\">\n\t\t\t\t\t\t<section class=\"elementor-section elementor-top-section elementor-element elementor-element-b1c13a3 elementor-section-boxed elementor-section-height-default elementor-section-height-default\" data-id=\"b1c13a3\" data-element_type=\"section\">\n\t\t\t\t\t\t<div class=\"elementor-container elementor-column-gap-default\">\n\t\t\t\t\t<div class=\"elementor-column elementor-col-66 elementor-top-column elementor-element elementor-element-1bb9000\" data-id=\"1bb9000\" data-element_type=\"column\">\n\t\t\t<div class=\"elementor-widget-wrap elementor-element-populated\">\n\t\t\t\t\t\t<section class=\"elementor-section elementor-inner-section elementor-element elementor-element-977c3e7 elementor-section-boxed elementor-section-height-default elementor-section-height-default\" data-id=\"977c3e7\" data-element_type=\"section\">\n\t\t\t\t\t\t<div class=\"elementor-container elementor-column-gap-default\">\n\t\t\t\t\t<div class=\"elementor-column elementor-col-50 elementor-inner-column elementor-element elementor-element-7bbc6fe\" data-id=\"7bbc6fe\" data-element_type=\"column\">\n\t\t\t<div class=\"elementor-widget-wrap elementor-element-populated\">\n\t\t\t\t\t\t<div class=\"elementor-element elementor-element-f343d63 elementor-widget elementor-widget-stm_info_box\" data-id=\"f343d63\" data-element_type=\"widget\" data-widget_type=\"stm_info_box.default\">\n\t\t\t\t<div class=\"elementor-widget-container\">\n\t\t\t\t\t<div class=\"info_box elementor-consulting-info-box align_center style_1\">\n\t\t\t<div class=\"info_box_image\">\n\t\t\t<img fetchpriority=\"high\" decoding=\"async\" width=\"350\" height=\"204\" src=\"https:\/\/gruponuno.com\/seguros\/wp-content\/uploads\/2022\/07\/fianzas-judiciales-1-350x204.jpg\" class=\"attachment-consulting-image-350x204-croped size-consulting-image-350x204-croped\" alt=\"Fianzas judiciales\" \/>\t\t<\/div>\n\t\t\t\t<div class=\"title\">\n\t\t\t<h4 class=\"no_stripe\">Judicial Bonds<\/h4>\n\t\t<\/div>\n\t\t<a class=\"read_more\" target=\"_self\" href=\"https:\/\/gruponuno.com\/seguros\/en\/seguro\/judicial-bonds\/\"><span>More Information<\/span><span class=\"stm_icon\"><i class=\"fas fa-chevron-right\"><\/i><\/span><\/a><\/div>\n\t\t\t\t<\/div>\n\t\t\t\t<\/div>\n\t\t\t\t\t<\/div>\n\t\t<\/div>\n\t\t\t\t<div class=\"elementor-column elementor-col-50 elementor-inner-column elementor-element elementor-element-78d185e\" data-id=\"78d185e\" data-element_type=\"column\">\n\t\t\t<div class=\"elementor-widget-wrap elementor-element-populated\">\n\t\t\t\t\t\t<div class=\"elementor-element elementor-element-0ee86d0 elementor-widget elementor-widget-stm_info_box\" data-id=\"0ee86d0\" data-element_type=\"widget\" data-widget_type=\"stm_info_box.default\">\n\t\t\t\t<div class=\"elementor-widget-container\">\n\t\t\t\t\t<div class=\"info_box elementor-consulting-info-box align_center style_1\">\n\t\t\t<div class=\"info_box_image\">\n\t\t\t<img decoding=\"async\" width=\"350\" height=\"204\" src=\"https:\/\/gruponuno.com\/seguros\/wp-content\/uploads\/2022\/07\/fianzas-administrativas-350x204.jpg\" class=\"attachment-consulting-image-350x204-croped size-consulting-image-350x204-croped\" alt=\"Fianzas administrativas\" \/>\t\t<\/div>\n\t\t\t\t<div class=\"title\">\n\t\t\t<h4 class=\"no_stripe\">Administration Bonds<\/h4>\n\t\t<\/div>\n\t\t<a class=\"read_more\" target=\"_self\" href=\"https:\/\/gruponuno.com\/seguros\/en\/seguro\/administration-bonds\/\"><span>More Information<\/span><span class=\"stm_icon\"><i class=\"fas fa-chevron-right\"><\/i><\/span><\/a><\/div>\n\t\t\t\t<\/div>\n\t\t\t\t<\/div>\n\t\t\t\t\t<\/div>\n\t\t<\/div>\n\t\t\t\t\t<\/div>\n\t\t<\/section>\n\t\t\t\t<section class=\"elementor-section elementor-inner-section elementor-element elementor-element-5b1c605 elementor-section-boxed elementor-section-height-default elementor-section-height-default\" data-id=\"5b1c605\" data-element_type=\"section\">\n\t\t\t\t\t\t<div class=\"elementor-container elementor-column-gap-default\">\n\t\t\t\t\t<div class=\"elementor-column elementor-col-50 elementor-inner-column elementor-element elementor-element-559fcc0\" data-id=\"559fcc0\" data-element_type=\"column\">\n\t\t\t<div class=\"elementor-widget-wrap elementor-element-populated\">\n\t\t\t\t\t\t<div class=\"elementor-element elementor-element-85c7091 elementor-widget elementor-widget-stm_info_box\" data-id=\"85c7091\" data-element_type=\"widget\" data-widget_type=\"stm_info_box.default\">\n\t\t\t\t<div class=\"elementor-widget-container\">\n\t\t\t\t\t<div class=\"info_box elementor-consulting-info-box align_center style_1\">\n\t\t\t<div class=\"info_box_image\">\n\t\t\t<img decoding=\"async\" width=\"350\" height=\"204\" src=\"https:\/\/gruponuno.com\/seguros\/wp-content\/uploads\/2022\/07\/fianzas-credito-350x204.jpg\" class=\"attachment-consulting-image-350x204-croped size-consulting-image-350x204-croped\" alt=\"Fianzas de credito\" \/>\t\t<\/div>\n\t\t\t\t<div class=\"title\">\n\t\t\t<h4 class=\"no_stripe\">Credit Bonds<\/h4>\n\t\t<\/div>\n\t\t<a class=\"read_more\" target=\"_self\" href=\"https:\/\/gruponuno.com\/seguros\/en\/seguro\/credit-bonds\/\"><span>More Information<\/span><span class=\"stm_icon\"><i class=\"fas fa-chevron-right\"><\/i><\/span><\/a><\/div>\n\t\t\t\t<\/div>\n\t\t\t\t<\/div>\n\t\t\t\t\t<\/div>\n\t\t<\/div>\n\t\t\t\t<div class=\"elementor-column elementor-col-50 elementor-inner-column elementor-element elementor-element-71bac34\" data-id=\"71bac34\" data-element_type=\"column\">\n\t\t\t<div class=\"elementor-widget-wrap elementor-element-populated\">\n\t\t\t\t\t\t<div class=\"elementor-element elementor-element-c8e6eae elementor-widget elementor-widget-stm_info_box\" data-id=\"c8e6eae\" data-element_type=\"widget\" data-widget_type=\"stm_info_box.default\">\n\t\t\t\t<div class=\"elementor-widget-container\">\n\t\t\t\t\t<div class=\"info_box elementor-consulting-info-box align_center style_1\">\n\t\t\t<div class=\"info_box_image\">\n\t\t\t<img loading=\"lazy\" decoding=\"async\" width=\"350\" height=\"204\" src=\"https:\/\/gruponuno.com\/seguros\/wp-content\/uploads\/2022\/07\/fianzas-fidelidad-350x204.jpg\" class=\"attachment-consulting-image-350x204-croped size-consulting-image-350x204-croped\" alt=\"Fianzas de fidelidad\" \/>\t\t<\/div>\n\t\t\t\t<div class=\"title\">\n\t\t\t<h4 class=\"no_stripe\">Fidelity Bonds<\/h4>\n\t\t<\/div>\n\t\t<a class=\"read_more\" target=\"_self\" href=\"https:\/\/gruponuno.com\/seguros\/en\/seguro\/fidelity-bonds\/\"><span>More Information<\/span><span class=\"stm_icon\"><i class=\"fas fa-chevron-right\"><\/i><\/span><\/a><\/div>\n\t\t\t\t<\/div>\n\t\t\t\t<\/div>\n\t\t\t\t\t<\/div>\n\t\t<\/div>\n\t\t\t\t\t<\/div>\n\t\t<\/section>\n\t\t\t\t\t<\/div>\n\t\t<\/div>\n\t\t\t\t<div class=\"elementor-column elementor-col-33 elementor-top-column elementor-element elementor-element-24d379a\" data-id=\"24d379a\" data-element_type=\"column\">\n\t\t\t<div class=\"elementor-widget-wrap elementor-element-populated\">\n\t\t\t\t\t\t<div class=\"elementor-element elementor-element-cb748f3 elementor-widget elementor-widget-stm_sidebar\" data-id=\"cb748f3\" data-element_type=\"widget\" data-widget_type=\"stm_sidebar.default\">\n\t\t\t\t<div class=\"elementor-widget-container\">\n\t\t\t\t\t\n<div class=\"stm_sidebar consulting_elementor_sidebar\">\n\n            \t\t<div data-elementor-type=\"wp-post\" data-elementor-id=\"13113\" class=\"elementor elementor-13113 elementor-7559\" data-elementor-post-type=\"stm_vc_sidebar\">\n\t\t\t\t\t\t<section class=\"elementor-section elementor-top-section elementor-element elementor-element-491a786 elementor-section-boxed elementor-section-height-default elementor-section-height-default\" data-id=\"491a786\" data-element_type=\"section\">\n\t\t\t\t\t\t<div class=\"elementor-container elementor-column-gap-default\">\n\t\t\t\t\t<div class=\"elementor-column elementor-col-100 elementor-top-column elementor-element elementor-element-d566ca5\" data-id=\"d566ca5\" data-element_type=\"column\">\n\t\t\t<div class=\"elementor-widget-wrap elementor-element-populated\">\n\t\t\t\t\t\t<div class=\"elementor-element elementor-element-9b562e6 elementor-widget elementor-widget-wp-widget-nav_menu\" data-id=\"9b562e6\" data-element_type=\"widget\" data-widget_type=\"wp-widget-nav_menu.default\">\n\t\t\t\t<div class=\"elementor-widget-container\">\n\t\t\t\t\t<aside class='widget widget_nav_menu'><div class=\"menu-menu-container\"><ul id=\"menu-menu\" class=\"menu\"><li id=\"menu-item-9546\" class=\"menu-item menu-item-type-post_type menu-item-object-page menu-item-9546\"><a href=\"https:\/\/gruponuno.com\/seguros\/credito-empresarial\/\">Business Credit Insurance<\/a><\/li>\n<li id=\"menu-item-9545\" class=\"menu-item menu-item-type-post_type menu-item-object-page menu-item-9545\"><a href=\"https:\/\/gruponuno.com\/seguros\/mercancias\/\">Merchandise Insurance<\/a><\/li>\n<li id=\"menu-item-9547\" class=\"menu-item menu-item-type-post_type menu-item-object-page menu-item-9547\"><a href=\"https:\/\/gruponuno.com\/seguros\/empresariales\/\">Business<\/a><\/li>\n<li id=\"menu-item-9549\" class=\"menu-item menu-item-type-post_type menu-item-object-page menu-item-9549\"><a href=\"https:\/\/gruponuno.com\/seguros\/casco-de-buques-y-aviones\/\">Ships and Planes Hull<\/a><\/li>\n<li id=\"menu-item-9550\" class=\"menu-item menu-item-type-post_type menu-item-object-page menu-item-9550\"><a href=\"https:\/\/gruponuno.com\/seguros\/personales\/\">Personal Insurance<\/a><\/li>\n<li id=\"menu-item-9589\" class=\"menu-item menu-item-type-post_type menu-item-object-page menu-item-9589\"><a href=\"https:\/\/gruponuno.com\/seguros\/fianzas\/\">Bonds<\/a><\/li>\n<\/ul><\/div><\/aside>\t\t\t\t<\/div>\n\t\t\t\t<\/div>\n\t\t\t\t\t<\/div>\n\t\t<\/div>\n\t\t\t\t\t<\/div>\n\t\t<\/section>\n\t\t\t\t<section class=\"elementor-section elementor-top-section elementor-element elementor-element-35bfb5d third_bg_color elementor-section-boxed elementor-section-height-default elementor-section-height-default\" data-id=\"35bfb5d\" data-element_type=\"section\" data-settings=\"{&quot;background_background&quot;:&quot;classic&quot;}\">\n\t\t\t\t\t\t<div class=\"elementor-container elementor-column-gap-default\">\n\t\t\t\t\t<div class=\"elementor-column elementor-col-100 elementor-top-column elementor-element elementor-element-c13cc4e\" data-id=\"c13cc4e\" data-element_type=\"column\" data-settings=\"{&quot;background_background&quot;:&quot;classic&quot;}\">\n\t\t\t<div class=\"elementor-widget-wrap elementor-element-populated\">\n\t\t\t\t\t\t<div class=\"elementor-element elementor-element-7999651 elementor-widget elementor-widget-vc_custom_heading\" data-id=\"7999651\" data-element_type=\"widget\" data-widget_type=\"vc_custom_heading.default\">\n\t\t\t\t<div class=\"elementor-widget-container\">\n\t\t\t\t\t<div class=\" vc_custom_heading  consulting_heading_font  text_align_center stripe_bottom\" ><div style=\"font-size: 16px;color: #222222;text-align: center;font-weight:700\" class=\"consulting-custom-title\">Do you need more info?\n<\/div><\/div>\t\t\t\t<\/div>\n\t\t\t\t<\/div>\n\t\t\t\t<div class=\"elementor-element elementor-element-7c96398 elementor-widget__width-auto elementor-align-center elementor-widget elementor-widget-button\" data-id=\"7c96398\" data-element_type=\"widget\" data-widget_type=\"button.default\">\n\t\t\t\t<div class=\"elementor-widget-container\">\n\t\t\t\t\t\t\t\t\t<div class=\"elementor-button-wrapper icon_align_  \">\n\t\t\t\t\t<a class=\"elementor-button elementor-button-link elementor-size-sm\" href=\"https:\/\/gruponuno.com\/seguros\/en\/contact\/\">\n\t\t\t\t\t\t<span class=\"elementor-button-content-wrapper\">\n\t\t\t\t\t\t<span class=\"elementor-button-icon\">\n\t\t\t\t<i aria-hidden=\"true\" class=\" stm-atlanta-mail\"><\/i>\t\t\t<\/span>\n\t\t\t\t\t\t\t\t\t<span class=\"elementor-button-text\">Contact us<\/span>\n\t\t\t\t\t<\/span>\n\t\t\t\t\t<\/a>\n\t\t\t\t<\/div>\n\t\t\t\t\t\t\t\t<\/div>\n\t\t\t\t<\/div>\n\t\t\t\t\t<\/div>\n\t\t<\/div>\n\t\t\t\t\t<\/div>\n\t\t<\/section>\n\t\t\t\t<\/div>\n\t\t    \n<\/div>\t\t\t\t<\/div>\n\t\t\t\t<\/div>\n\t\t\t\t\t<\/div>\n\t\t<\/div>\n\t\t\t\t\t<\/div>\n\t\t<\/section>\n\t\t\t\t<\/div>\n\t\t","protected":false},"excerpt":{"rendered":"<p>Judicial Bonds More Information Administration Bonds More Information Credit Bonds More Information Fidelity Bonds More Information Seguro de Cr\u00e9dito Empresarial Seguro de Mercanc\u00edas Empresariales Casco de buques y aviones Seguros Personales Fianzas Do you need more info? Contact us<\/p>\n","protected":false},"author":1,"featured_media":0,"parent":0,"menu_order":0,"comment_status":"closed","ping_status":"closed","template":"","meta":{"footnotes":""},"class_list":["post-12193","page","type-page","status-publish","hentry"],"yoast_head":"<!-- This site is optimized with the Yoast SEO plugin v23.5 - https:\/\/yoast.com\/wordpress\/plugins\/seo\/ -->\n<title>Bonds - Grupo Nu\u00f1o m\u00e1s que Seguros y Fianzas<\/title>\n<meta name=\"description\" content=\"Bonds are ancillary instruments of a contract and indemnify the beneficiary when there is a breach by the party of the conditions of the source contract.\" \/>\n<meta name=\"robots\" content=\"index, follow, max-snippet:-1, max-image-preview:large, max-video-preview:-1\" \/>\n<link rel=\"canonical\" href=\"https:\/\/gruponuno.com\/seguros\/bonds\/\" \/>\n<meta property=\"og:locale\" content=\"en_US\" \/>\n<meta property=\"og:type\" content=\"article\" \/>\n<meta property=\"og:title\" content=\"Bonds - Grupo Nu\u00f1o m\u00e1s que Seguros y Fianzas\" \/>\n<meta property=\"og:description\" content=\"Bonds are ancillary instruments of a contract and indemnify the beneficiary when there is a breach by the party of the conditions of the source contract.\" \/>\n<meta property=\"og:url\" content=\"https:\/\/gruponuno.com\/seguros\/bonds\/\" \/>\n<meta property=\"og:site_name\" content=\"Grupo Nu\u00f1o m\u00e1s que Seguros y Fianzas\" \/>\n<meta property=\"article:publisher\" content=\"https:\/\/www.facebook.com\/gruponuno\/\" \/>\n<meta property=\"article:modified_time\" content=\"2022-11-17T17:15:59+00:00\" \/>\n<meta property=\"og:image\" content=\"https:\/\/gruponuno.com\/seguros\/wp-content\/uploads\/2022\/07\/fianzas-judiciales-1-350x204.jpg\" \/>\n<meta name=\"twitter:card\" content=\"summary_large_image\" \/>\n<meta name=\"twitter:site\" content=\"@gruponuno\" \/>\n<meta name=\"twitter:label1\" content=\"Est. reading time\" \/>\n\t<meta name=\"twitter:data1\" content=\"2 minutes\" \/>\n<script type=\"application\/ld+json\" class=\"yoast-schema-graph\">{\"@context\":\"https:\/\/schema.org\",\"@graph\":[{\"@type\":\"WebPage\",\"@id\":\"https:\/\/gruponuno.com\/seguros\/bonds\/\",\"url\":\"https:\/\/gruponuno.com\/seguros\/bonds\/\",\"name\":\"Bonds - Grupo Nu\u00f1o m\u00e1s que Seguros y Fianzas\",\"isPartOf\":{\"@id\":\"https:\/\/gruponuno.com\/seguros\/#website\"},\"primaryImageOfPage\":{\"@id\":\"https:\/\/gruponuno.com\/seguros\/bonds\/#primaryimage\"},\"image\":{\"@id\":\"https:\/\/gruponuno.com\/seguros\/bonds\/#primaryimage\"},\"thumbnailUrl\":\"https:\/\/gruponuno.com\/seguros\/wp-content\/uploads\/2022\/07\/fianzas-judiciales-1-350x204.jpg\",\"datePublished\":\"2022-07-25T18:26:47+00:00\",\"dateModified\":\"2022-11-17T17:15:59+00:00\",\"description\":\"Bonds are ancillary instruments of a contract and indemnify the beneficiary when there is a breach by the party of the conditions of the source contract.\",\"breadcrumb\":{\"@id\":\"https:\/\/gruponuno.com\/seguros\/bonds\/#breadcrumb\"},\"inLanguage\":\"en-US\",\"potentialAction\":[{\"@type\":\"ReadAction\",\"target\":[\"https:\/\/gruponuno.com\/seguros\/bonds\/\"]}]},{\"@type\":\"ImageObject\",\"inLanguage\":\"en-US\",\"@id\":\"https:\/\/gruponuno.com\/seguros\/bonds\/#primaryimage\",\"url\":\"https:\/\/gruponuno.com\/seguros\/wp-content\/uploads\/2022\/07\/fianzas-judiciales-1-350x204.jpg\",\"contentUrl\":\"https:\/\/gruponuno.com\/seguros\/wp-content\/uploads\/2022\/07\/fianzas-judiciales-1-350x204.jpg\"},{\"@type\":\"BreadcrumbList\",\"@id\":\"https:\/\/gruponuno.com\/seguros\/bonds\/#breadcrumb\",\"itemListElement\":[{\"@type\":\"ListItem\",\"position\":1,\"name\":\"Portada\",\"item\":\"https:\/\/gruponuno.com\/seguros\/en\/\"},{\"@type\":\"ListItem\",\"position\":2,\"name\":\"Bonds\"}]},{\"@type\":\"WebSite\",\"@id\":\"https:\/\/gruponuno.com\/seguros\/#website\",\"url\":\"https:\/\/gruponuno.com\/seguros\/\",\"name\":\"Grupo Nu\u00f1o m\u00e1s que Seguros y Fianzas\",\"description\":\"Somos especialistas en la prevenci\u00f3n de p\u00e9rdidas econ\u00f3micas para el sector log\u00edstico e industrial. Asegura con nosotros 800 024 9988; seguro para carga, contenedores, cr\u00e9dito, fraudes, gastos m\u00e9dicos, vida y autos\",\"publisher\":{\"@id\":\"https:\/\/gruponuno.com\/seguros\/#organization\"},\"alternateName\":\"Grupo Nu\u00f1o, m\u00e1s que Seguros y Fianzas\",\"potentialAction\":[{\"@type\":\"SearchAction\",\"target\":{\"@type\":\"EntryPoint\",\"urlTemplate\":\"https:\/\/gruponuno.com\/seguros\/?s={search_term_string}\"},\"query-input\":{\"@type\":\"PropertyValueSpecification\",\"valueRequired\":true,\"valueName\":\"search_term_string\"}}],\"inLanguage\":\"en-US\"},{\"@type\":\"Organization\",\"@id\":\"https:\/\/gruponuno.com\/seguros\/#organization\",\"name\":\"Grupo Nu\u00f1o m\u00e1s que Seguros y Fianzas\",\"alternateName\":\"Grupo Nu\u00f1o, m\u00e1s que Seguros y Fianzas\",\"url\":\"https:\/\/gruponuno.com\/seguros\/\",\"logo\":{\"@type\":\"ImageObject\",\"inLanguage\":\"en-US\",\"@id\":\"https:\/\/gruponuno.com\/seguros\/#\/schema\/logo\/image\/\",\"url\":\"https:\/\/gruponuno.com\/seguros\/wp-content\/uploads\/2022\/03\/Logo-Grupo-Nuno.png\",\"contentUrl\":\"https:\/\/gruponuno.com\/seguros\/wp-content\/uploads\/2022\/03\/Logo-Grupo-Nuno.png\",\"width\":170,\"height\":87,\"caption\":\"Grupo Nu\u00f1o m\u00e1s que Seguros y Fianzas\"},\"image\":{\"@id\":\"https:\/\/gruponuno.com\/seguros\/#\/schema\/logo\/image\/\"},\"sameAs\":[\"https:\/\/www.facebook.com\/gruponuno\/\",\"https:\/\/x.com\/gruponuno\"]}]}<\/script>\n<!-- \/ Yoast SEO plugin. -->","yoast_head_json":{"title":"Bonds - Grupo Nu\u00f1o m\u00e1s que Seguros y Fianzas","description":"Bonds are ancillary instruments of a contract and indemnify the beneficiary when there is a breach by the party of the conditions of the source contract.","robots":{"index":"index","follow":"follow","max-snippet":"max-snippet:-1","max-image-preview":"max-image-preview:large","max-video-preview":"max-video-preview:-1"},"canonical":"https:\/\/gruponuno.com\/seguros\/bonds\/","og_locale":"en_US","og_type":"article","og_title":"Bonds - Grupo Nu\u00f1o m\u00e1s que Seguros y Fianzas","og_description":"Bonds are ancillary instruments of a contract and indemnify the beneficiary when there is a breach by the party of the conditions of the source contract.","og_url":"https:\/\/gruponuno.com\/seguros\/bonds\/","og_site_name":"Grupo Nu\u00f1o m\u00e1s que Seguros y Fianzas","article_publisher":"https:\/\/www.facebook.com\/gruponuno\/","article_modified_time":"2022-11-17T17:15:59+00:00","og_image":[{"url":"https:\/\/gruponuno.com\/seguros\/wp-content\/uploads\/2022\/07\/fianzas-judiciales-1-350x204.jpg"}],"twitter_card":"summary_large_image","twitter_site":"@gruponuno","twitter_misc":{"Est. reading time":"2 minutes"},"schema":{"@context":"https:\/\/schema.org","@graph":[{"@type":"WebPage","@id":"https:\/\/gruponuno.com\/seguros\/bonds\/","url":"https:\/\/gruponuno.com\/seguros\/bonds\/","name":"Bonds - Grupo Nu\u00f1o m\u00e1s que Seguros y Fianzas","isPartOf":{"@id":"https:\/\/gruponuno.com\/seguros\/#website"},"primaryImageOfPage":{"@id":"https:\/\/gruponuno.com\/seguros\/bonds\/#primaryimage"},"image":{"@id":"https:\/\/gruponuno.com\/seguros\/bonds\/#primaryimage"},"thumbnailUrl":"https:\/\/gruponuno.com\/seguros\/wp-content\/uploads\/2022\/07\/fianzas-judiciales-1-350x204.jpg","datePublished":"2022-07-25T18:26:47+00:00","dateModified":"2022-11-17T17:15:59+00:00","description":"Bonds are ancillary instruments of a contract and indemnify the beneficiary when there is a breach by the party of the conditions of the source contract.","breadcrumb":{"@id":"https:\/\/gruponuno.com\/seguros\/bonds\/#breadcrumb"},"inLanguage":"en-US","potentialAction":[{"@type":"ReadAction","target":["https:\/\/gruponuno.com\/seguros\/bonds\/"]}]},{"@type":"ImageObject","inLanguage":"en-US","@id":"https:\/\/gruponuno.com\/seguros\/bonds\/#primaryimage","url":"https:\/\/gruponuno.com\/seguros\/wp-content\/uploads\/2022\/07\/fianzas-judiciales-1-350x204.jpg","contentUrl":"https:\/\/gruponuno.com\/seguros\/wp-content\/uploads\/2022\/07\/fianzas-judiciales-1-350x204.jpg"},{"@type":"BreadcrumbList","@id":"https:\/\/gruponuno.com\/seguros\/bonds\/#breadcrumb","itemListElement":[{"@type":"ListItem","position":1,"name":"Portada","item":"https:\/\/gruponuno.com\/seguros\/en\/"},{"@type":"ListItem","position":2,"name":"Bonds"}]},{"@type":"WebSite","@id":"https:\/\/gruponuno.com\/seguros\/#website","url":"https:\/\/gruponuno.com\/seguros\/","name":"Grupo Nu\u00f1o m\u00e1s que Seguros y Fianzas","description":"Somos especialistas en la prevenci\u00f3n de p\u00e9rdidas econ\u00f3micas para el sector log\u00edstico e industrial. Asegura con nosotros 800 024 9988; seguro para carga, contenedores, cr\u00e9dito, fraudes, gastos m\u00e9dicos, vida y autos","publisher":{"@id":"https:\/\/gruponuno.com\/seguros\/#organization"},"alternateName":"Grupo Nu\u00f1o, m\u00e1s que Seguros y Fianzas","potentialAction":[{"@type":"SearchAction","target":{"@type":"EntryPoint","urlTemplate":"https:\/\/gruponuno.com\/seguros\/?s={search_term_string}"},"query-input":{"@type":"PropertyValueSpecification","valueRequired":true,"valueName":"search_term_string"}}],"inLanguage":"en-US"},{"@type":"Organization","@id":"https:\/\/gruponuno.com\/seguros\/#organization","name":"Grupo Nu\u00f1o m\u00e1s que Seguros y Fianzas","alternateName":"Grupo Nu\u00f1o, m\u00e1s que Seguros y Fianzas","url":"https:\/\/gruponuno.com\/seguros\/","logo":{"@type":"ImageObject","inLanguage":"en-US","@id":"https:\/\/gruponuno.com\/seguros\/#\/schema\/logo\/image\/","url":"https:\/\/gruponuno.com\/seguros\/wp-content\/uploads\/2022\/03\/Logo-Grupo-Nuno.png","contentUrl":"https:\/\/gruponuno.com\/seguros\/wp-content\/uploads\/2022\/03\/Logo-Grupo-Nuno.png","width":170,"height":87,"caption":"Grupo Nu\u00f1o m\u00e1s que Seguros y Fianzas"},"image":{"@id":"https:\/\/gruponuno.com\/seguros\/#\/schema\/logo\/image\/"},"sameAs":["https:\/\/www.facebook.com\/gruponuno\/","https:\/\/x.com\/gruponuno"]}]}},"amp_enabled":true,"_links":{"self":[{"href":"https:\/\/gruponuno.com\/seguros\/en\/wp-json\/wp\/v2\/pages\/12193"}],"collection":[{"href":"https:\/\/gruponuno.com\/seguros\/en\/wp-json\/wp\/v2\/pages"}],"about":[{"href":"https:\/\/gruponuno.com\/seguros\/en\/wp-json\/wp\/v2\/types\/page"}],"author":[{"embeddable":true,"href":"https:\/\/gruponuno.com\/seguros\/en\/wp-json\/wp\/v2\/users\/1"}],"replies":[{"embeddable":true,"href":"https:\/\/gruponuno.com\/seguros\/en\/wp-json\/wp\/v2\/comments?post=12193"}],"version-history":[{"count":4,"href":"https:\/\/gruponuno.com\/seguros\/en\/wp-json\/wp\/v2\/pages\/12193\/revisions"}],"predecessor-version":[{"id":14682,"href":"https:\/\/gruponuno.com\/seguros\/en\/wp-json\/wp\/v2\/pages\/12193\/revisions\/14682"}],"wp:attachment":[{"href":"https:\/\/gruponuno.com\/seguros\/en\/wp-json\/wp\/v2\/media?parent=12193"}],"curies":[{"name":"wp","href":"https:\/\/api.w.org\/{rel}","templated":true}]}}