{"id":18949,"date":"2025-05-12T15:39:32","date_gmt":"2025-05-12T15:39:32","guid":{"rendered":"https:\/\/gruponuno.com\/seguros\/complaint\/"},"modified":"2025-05-13T16:43:47","modified_gmt":"2025-05-13T16:43:47","slug":"conduct","status":"publish","type":"page","link":"https:\/\/gruponuno.com\/seguros\/en\/conduct\/","title":{"rendered":"Complaints"},"content":{"rendered":"\t\t<div data-elementor-type=\"wp-page\" data-elementor-id=\"18949\" class=\"elementor elementor-18949 elementor-18932\" data-elementor-post-type=\"page\">\n\t\t\t\t\t\t<section class=\"elementor-section elementor-top-section elementor-element elementor-element-4e6aaed elementor-section-boxed elementor-section-height-default elementor-section-height-default\" data-id=\"4e6aaed\" data-element_type=\"section\" data-settings=\"{&quot;background_background&quot;:&quot;classic&quot;}\">\n\t\t\t\t\t\t<div class=\"elementor-container elementor-column-gap-default\">\n\t\t\t\t\t<div class=\"elementor-column elementor-col-100 elementor-top-column elementor-element elementor-element-8fbac87\" data-id=\"8fbac87\" data-element_type=\"column\">\n\t\t\t<div class=\"elementor-widget-wrap elementor-element-populated\">\n\t\t\t\t\t\t<div class=\"elementor-element elementor-element-23b8d3c elementor-widget elementor-widget-image\" data-id=\"23b8d3c\" data-element_type=\"widget\" data-widget_type=\"image.default\">\n\t\t\t\t<div class=\"elementor-widget-container\">\n\t\t\t\t\t\t\t\t\t\t\t\t\t\t\t<img fetchpriority=\"high\" decoding=\"async\" width=\"1024\" height=\"678\" src=\"https:\/\/gruponuno.com\/seguros\/wp-content\/uploads\/2025\/05\/denuncia-actos-ilicitos-o-frudes-1024x678.png\" class=\"attachment-large size-large wp-image-18939\" alt=\"\" srcset=\"https:\/\/gruponuno.com\/seguros\/wp-content\/uploads\/2025\/05\/denuncia-actos-ilicitos-o-frudes-1024x678.png 1024w, https:\/\/gruponuno.com\/seguros\/wp-content\/uploads\/2025\/05\/denuncia-actos-ilicitos-o-frudes-300x199.png 300w, https:\/\/gruponuno.com\/seguros\/wp-content\/uploads\/2025\/05\/denuncia-actos-ilicitos-o-frudes-768x508.png 768w, https:\/\/gruponuno.com\/seguros\/wp-content\/uploads\/2025\/05\/denuncia-actos-ilicitos-o-frudes-900x596.png 900w, https:\/\/gruponuno.com\/seguros\/wp-content\/uploads\/2025\/05\/denuncia-actos-ilicitos-o-frudes.png 1080w\" sizes=\"(max-width: 1024px) 100vw, 1024px\" \/>\t\t\t\t\t\t\t\t\t\t\t\t\t\t\t<\/div>\n\t\t\t\t<\/div>\n\t\t\t\t<div class=\"elementor-element elementor-element-dc576ae elementor-widget elementor-widget-vc_custom_heading\" data-id=\"dc576ae\" data-element_type=\"widget\" data-widget_type=\"vc_custom_heading.default\">\n\t\t\t\t<div class=\"elementor-widget-container\">\n\t\t\t\t\t<div class=\" vc_custom_heading  consulting_heading_font  text_align_left\" ><h2 style=\"text-align: left;font-weight:700\" class=\"consulting-custom-title\">Complaints<\/h2><\/div>\t\t\t\t<\/div>\n\t\t\t\t<\/div>\n\t\t\t\t<div class=\"elementor-element elementor-element-001a53b elementor-widget elementor-widget-heading\" data-id=\"001a53b\" data-element_type=\"widget\" data-widget_type=\"heading.default\">\n\t\t\t\t<div class=\"elementor-widget-container\">\n\t\t\t\t\t<h3 class=\"elementor-heading-title elementor-size-default\">Report fraudulent or unethical complaints<\/h3>\t\t\t\t<\/div>\n\t\t\t\t<\/div>\n\t\t\t\t<div class=\"elementor-element elementor-element-6809c8f elementor-widget elementor-widget-text-editor\" data-id=\"6809c8f\" data-element_type=\"widget\" data-widget_type=\"text-editor.default\">\n\t\t\t\t<div class=\"elementor-widget-container\">\n\t\t\t\t\t\t\t\t\t<p>At <strong>Grupo Nu\u00f1o<\/strong>, we are committed to integrity, transparency, and ethical conduct in all our operations.<\/p>\n<p>We encourage <strong>clients, partners, vendors, and collaborators<\/strong> to report any suspicious behavior, fraud, misconduct, conflict of interest, or unethical practices.<\/p>\n\t\t\t\t\t\t\t\t<\/div>\n\t\t\t\t<\/div>\n\t\t\t\t<div class=\"elementor-element elementor-element-7ea84e2 elementor-icon-list--layout-traditional elementor-list-item-link-full_width elementor-widget elementor-widget-icon-list\" data-id=\"7ea84e2\" data-element_type=\"widget\" data-widget_type=\"icon-list.default\">\n\t\t\t\t<div class=\"elementor-widget-container\">\n\t\t\t\t\t\t\t<ul class=\"elementor-icon-list-items\">\n\t\t\t\t\t\t\t<li class=\"elementor-icon-list-item\">\n\t\t\t\t\t\t\t\t\t\t\t<span class=\"elementor-icon-list-icon\">\n\t\t\t\t\t\t\t<i aria-hidden=\"true\" class=\"fas fa-lock\"><\/i>\t\t\t\t\t\t<\/span>\n\t\t\t\t\t\t\t\t\t\t<span class=\"elementor-icon-list-text\">Reports will be handled confidentially and with full responsibility.<\/span>\n\t\t\t\t\t\t\t\t\t<\/li>\n\t\t\t\t\t\t\t\t<li class=\"elementor-icon-list-item\">\n\t\t\t\t\t\t\t\t\t\t\t<span class=\"elementor-icon-list-icon\">\n\t\t\t\t\t\t\t<i aria-hidden=\"true\" class=\"fas fa-envelope\"><\/i>\t\t\t\t\t\t<\/span>\n\t\t\t\t\t\t\t\t\t\t<span class=\"elementor-icon-list-text\">You may report anonymously or by name by sending an email to: <a href=\"mailto:denuncias@gruponuno.com\">denuncias@gruponuno.com<\/a>.<\/span>\n\t\t\t\t\t\t\t\t\t<\/li>\n\t\t\t\t\t\t\t\t<li class=\"elementor-icon-list-item\">\n\t\t\t\t\t\t\t\t\t\t\t<span class=\"elementor-icon-list-icon\">\n\t\t\t\t\t\t\t<i aria-hidden=\"true\" class=\"fab fa-whatsapp\"><\/i>\t\t\t\t\t\t<\/span>\n\t\t\t\t\t\t\t\t\t\t<span class=\"elementor-icon-list-text\">For send WhatsApp to <a target=\"_blank\" href=\"https:\/\/web.whatsapp.com\/send\/?phone=523338497819&amp;text=Hola+desde+Grupo+Nu%C3%B1o&amp;type=phone_number&amp;app_absent=0\">+52 33 3849 7819<\/a><\/span>\n\t\t\t\t\t\t\t\t\t<\/li>\n\t\t\t\t\t\t\t\t<li class=\"elementor-icon-list-item\">\n\t\t\t\t\t\t\t\t\t\t\t<span class=\"elementor-icon-list-icon\">\n\t\t\t\t\t\t\t<i aria-hidden=\"true\" class=\"far fa-file-pdf\"><\/i>\t\t\t\t\t\t<\/span>\n\t\t\t\t\t\t\t\t\t\t<span class=\"elementor-icon-list-text\">Access our Code of Ethics:<\/span>\n\t\t\t\t\t\t\t\t\t<\/li>\n\t\t\t\t\t\t\t\t<li class=\"elementor-icon-list-item\">\n\t\t\t\t\t\t\t\t\t\t\t<span class=\"elementor-icon-list-icon\">\n\t\t\t\t\t\t\t<i aria-hidden=\"true\" class=\"fas fa-hand-point-right\"><\/i>\t\t\t\t\t\t<\/span>\n\t\t\t\t\t\t\t\t\t\t<span class=\"elementor-icon-list-text\"><a target=\"_blank\" href=\"https:\/\/gruponuno.com\/seguros\/wp-content\/uploads\/2019\/09\/Codigo-de-etica-2025.pdf\">[Code of Ethics \u2013 Grupo Nu\u00f1o].  <\/a><\/span>\n\t\t\t\t\t\t\t\t\t<\/li>\n\t\t\t\t\t\t<\/ul>\n\t\t\t\t\t\t<\/div>\n\t\t\t\t<\/div>\n\t\t\t\t\t<\/div>\n\t\t<\/div>\n\t\t\t\t\t<\/div>\n\t\t<\/section>\n\t\t\t\t<\/div>\n\t\t","protected":false},"excerpt":{"rendered":"<p>Conduct Report fraudulent or unethical complaints At Grupo Nu\u00f1o, we are committed to integrity, transparency, and ethical conduct in all our operations. We encourage clients, partners, vendors, and collaborators to report any suspicious behavior, fraud, misconduct, conflict of interest, or unethical practices. Reports will be handled confidentially and with full responsibility. You may report anonymously<\/p>\n","protected":false},"author":1,"featured_media":0,"parent":0,"menu_order":0,"comment_status":"closed","ping_status":"closed","template":"","meta":{"footnotes":""},"class_list":["post-18949","page","type-page","status-publish","hentry"],"yoast_head":"<!-- This site is optimized with the Yoast SEO plugin v23.5 - https:\/\/yoast.com\/wordpress\/plugins\/seo\/ -->\n<title>Complaints - Grupo Nu\u00f1o m\u00e1s que Seguros y Fianzas<\/title>\n<meta name=\"robots\" content=\"index, follow, max-snippet:-1, max-image-preview:large, max-video-preview:-1\" \/>\n<link rel=\"canonical\" href=\"https:\/\/gruponuno.com\/seguros\/en\/conduct\/\" \/>\n<meta property=\"og:locale\" content=\"en_US\" \/>\n<meta property=\"og:type\" content=\"article\" \/>\n<meta property=\"og:title\" content=\"Complaints - Grupo Nu\u00f1o m\u00e1s que Seguros y Fianzas\" \/>\n<meta property=\"og:description\" content=\"Conduct Report fraudulent or unethical complaints At Grupo Nu\u00f1o, we are committed to integrity, transparency, and ethical conduct in all our operations. We encourage clients, partners, vendors, and collaborators to report any suspicious behavior, fraud, misconduct, conflict of interest, or unethical practices. Reports will be handled confidentially and with full responsibility. You may report anonymously\" \/>\n<meta property=\"og:url\" content=\"https:\/\/gruponuno.com\/seguros\/en\/conduct\/\" \/>\n<meta property=\"og:site_name\" content=\"Grupo Nu\u00f1o m\u00e1s que Seguros y Fianzas\" \/>\n<meta property=\"article:publisher\" content=\"https:\/\/www.facebook.com\/gruponuno\/\" \/>\n<meta property=\"article:modified_time\" content=\"2025-05-13T16:43:47+00:00\" \/>\n<meta property=\"og:image\" content=\"https:\/\/gruponuno.com\/seguros\/wp-content\/uploads\/2025\/05\/denuncia-actos-ilicitos-o-frudes-1024x678.png\" \/>\n<meta name=\"twitter:card\" content=\"summary_large_image\" \/>\n<meta name=\"twitter:site\" content=\"@gruponuno\" \/>\n<meta name=\"twitter:label1\" content=\"Est. reading time\" \/>\n\t<meta name=\"twitter:data1\" content=\"1 minute\" \/>\n<script type=\"application\/ld+json\" class=\"yoast-schema-graph\">{\"@context\":\"https:\/\/schema.org\",\"@graph\":[{\"@type\":\"WebPage\",\"@id\":\"https:\/\/gruponuno.com\/seguros\/en\/conduct\/\",\"url\":\"https:\/\/gruponuno.com\/seguros\/en\/conduct\/\",\"name\":\"Complaints - Grupo Nu\u00f1o m\u00e1s que Seguros y Fianzas\",\"isPartOf\":{\"@id\":\"https:\/\/gruponuno.com\/seguros\/#website\"},\"primaryImageOfPage\":{\"@id\":\"https:\/\/gruponuno.com\/seguros\/en\/conduct\/#primaryimage\"},\"image\":{\"@id\":\"https:\/\/gruponuno.com\/seguros\/en\/conduct\/#primaryimage\"},\"thumbnailUrl\":\"https:\/\/gruponuno.com\/seguros\/wp-content\/uploads\/2025\/05\/denuncia-actos-ilicitos-o-frudes-1024x678.png\",\"datePublished\":\"2025-05-12T15:39:32+00:00\",\"dateModified\":\"2025-05-13T16:43:47+00:00\",\"breadcrumb\":{\"@id\":\"https:\/\/gruponuno.com\/seguros\/en\/conduct\/#breadcrumb\"},\"inLanguage\":\"en-US\",\"potentialAction\":[{\"@type\":\"ReadAction\",\"target\":[\"https:\/\/gruponuno.com\/seguros\/en\/conduct\/\"]}]},{\"@type\":\"ImageObject\",\"inLanguage\":\"en-US\",\"@id\":\"https:\/\/gruponuno.com\/seguros\/en\/conduct\/#primaryimage\",\"url\":\"https:\/\/gruponuno.com\/seguros\/wp-content\/uploads\/2025\/05\/denuncia-actos-ilicitos-o-frudes-1024x678.png\",\"contentUrl\":\"https:\/\/gruponuno.com\/seguros\/wp-content\/uploads\/2025\/05\/denuncia-actos-ilicitos-o-frudes-1024x678.png\"},{\"@type\":\"BreadcrumbList\",\"@id\":\"https:\/\/gruponuno.com\/seguros\/en\/conduct\/#breadcrumb\",\"itemListElement\":[{\"@type\":\"ListItem\",\"position\":1,\"name\":\"Portada\",\"item\":\"https:\/\/gruponuno.com\/seguros\/en\/\"},{\"@type\":\"ListItem\",\"position\":2,\"name\":\"Complaints\"}]},{\"@type\":\"WebSite\",\"@id\":\"https:\/\/gruponuno.com\/seguros\/#website\",\"url\":\"https:\/\/gruponuno.com\/seguros\/\",\"name\":\"Grupo Nu\u00f1o m\u00e1s que Seguros y Fianzas\",\"description\":\"Somos especialistas en la prevenci\u00f3n de p\u00e9rdidas econ\u00f3micas para el sector log\u00edstico e industrial. Asegura con nosotros 800 024 9988; seguro para carga, contenedores, cr\u00e9dito, fraudes, gastos m\u00e9dicos, vida y autos\",\"publisher\":{\"@id\":\"https:\/\/gruponuno.com\/seguros\/#organization\"},\"alternateName\":\"Grupo Nu\u00f1o, m\u00e1s que Seguros y Fianzas\",\"potentialAction\":[{\"@type\":\"SearchAction\",\"target\":{\"@type\":\"EntryPoint\",\"urlTemplate\":\"https:\/\/gruponuno.com\/seguros\/?s={search_term_string}\"},\"query-input\":{\"@type\":\"PropertyValueSpecification\",\"valueRequired\":true,\"valueName\":\"search_term_string\"}}],\"inLanguage\":\"en-US\"},{\"@type\":\"Organization\",\"@id\":\"https:\/\/gruponuno.com\/seguros\/#organization\",\"name\":\"Grupo Nu\u00f1o m\u00e1s que Seguros y Fianzas\",\"alternateName\":\"Grupo Nu\u00f1o, m\u00e1s que Seguros y Fianzas\",\"url\":\"https:\/\/gruponuno.com\/seguros\/\",\"logo\":{\"@type\":\"ImageObject\",\"inLanguage\":\"en-US\",\"@id\":\"https:\/\/gruponuno.com\/seguros\/#\/schema\/logo\/image\/\",\"url\":\"https:\/\/gruponuno.com\/seguros\/wp-content\/uploads\/2022\/03\/Logo-Grupo-Nuno.png\",\"contentUrl\":\"https:\/\/gruponuno.com\/seguros\/wp-content\/uploads\/2022\/03\/Logo-Grupo-Nuno.png\",\"width\":170,\"height\":87,\"caption\":\"Grupo Nu\u00f1o m\u00e1s que Seguros y Fianzas\"},\"image\":{\"@id\":\"https:\/\/gruponuno.com\/seguros\/#\/schema\/logo\/image\/\"},\"sameAs\":[\"https:\/\/www.facebook.com\/gruponuno\/\",\"https:\/\/x.com\/gruponuno\"]}]}<\/script>\n<!-- \/ Yoast SEO plugin. -->","yoast_head_json":{"title":"Complaints - Grupo Nu\u00f1o m\u00e1s que Seguros y Fianzas","robots":{"index":"index","follow":"follow","max-snippet":"max-snippet:-1","max-image-preview":"max-image-preview:large","max-video-preview":"max-video-preview:-1"},"canonical":"https:\/\/gruponuno.com\/seguros\/en\/conduct\/","og_locale":"en_US","og_type":"article","og_title":"Complaints - Grupo Nu\u00f1o m\u00e1s que Seguros y Fianzas","og_description":"Conduct Report fraudulent or unethical complaints At Grupo Nu\u00f1o, we are committed to integrity, transparency, and ethical conduct in all our operations. We encourage clients, partners, vendors, and collaborators to report any suspicious behavior, fraud, misconduct, conflict of interest, or unethical practices. Reports will be handled confidentially and with full responsibility. You may report anonymously","og_url":"https:\/\/gruponuno.com\/seguros\/en\/conduct\/","og_site_name":"Grupo Nu\u00f1o m\u00e1s que Seguros y Fianzas","article_publisher":"https:\/\/www.facebook.com\/gruponuno\/","article_modified_time":"2025-05-13T16:43:47+00:00","og_image":[{"url":"https:\/\/gruponuno.com\/seguros\/wp-content\/uploads\/2025\/05\/denuncia-actos-ilicitos-o-frudes-1024x678.png"}],"twitter_card":"summary_large_image","twitter_site":"@gruponuno","twitter_misc":{"Est. reading time":"1 minute"},"schema":{"@context":"https:\/\/schema.org","@graph":[{"@type":"WebPage","@id":"https:\/\/gruponuno.com\/seguros\/en\/conduct\/","url":"https:\/\/gruponuno.com\/seguros\/en\/conduct\/","name":"Complaints - Grupo Nu\u00f1o m\u00e1s que Seguros y Fianzas","isPartOf":{"@id":"https:\/\/gruponuno.com\/seguros\/#website"},"primaryImageOfPage":{"@id":"https:\/\/gruponuno.com\/seguros\/en\/conduct\/#primaryimage"},"image":{"@id":"https:\/\/gruponuno.com\/seguros\/en\/conduct\/#primaryimage"},"thumbnailUrl":"https:\/\/gruponuno.com\/seguros\/wp-content\/uploads\/2025\/05\/denuncia-actos-ilicitos-o-frudes-1024x678.png","datePublished":"2025-05-12T15:39:32+00:00","dateModified":"2025-05-13T16:43:47+00:00","breadcrumb":{"@id":"https:\/\/gruponuno.com\/seguros\/en\/conduct\/#breadcrumb"},"inLanguage":"en-US","potentialAction":[{"@type":"ReadAction","target":["https:\/\/gruponuno.com\/seguros\/en\/conduct\/"]}]},{"@type":"ImageObject","inLanguage":"en-US","@id":"https:\/\/gruponuno.com\/seguros\/en\/conduct\/#primaryimage","url":"https:\/\/gruponuno.com\/seguros\/wp-content\/uploads\/2025\/05\/denuncia-actos-ilicitos-o-frudes-1024x678.png","contentUrl":"https:\/\/gruponuno.com\/seguros\/wp-content\/uploads\/2025\/05\/denuncia-actos-ilicitos-o-frudes-1024x678.png"},{"@type":"BreadcrumbList","@id":"https:\/\/gruponuno.com\/seguros\/en\/conduct\/#breadcrumb","itemListElement":[{"@type":"ListItem","position":1,"name":"Portada","item":"https:\/\/gruponuno.com\/seguros\/en\/"},{"@type":"ListItem","position":2,"name":"Complaints"}]},{"@type":"WebSite","@id":"https:\/\/gruponuno.com\/seguros\/#website","url":"https:\/\/gruponuno.com\/seguros\/","name":"Grupo Nu\u00f1o m\u00e1s que Seguros y Fianzas","description":"Somos especialistas en la prevenci\u00f3n de p\u00e9rdidas econ\u00f3micas para el sector log\u00edstico e industrial. Asegura con nosotros 800 024 9988; seguro para carga, contenedores, cr\u00e9dito, fraudes, gastos m\u00e9dicos, vida y autos","publisher":{"@id":"https:\/\/gruponuno.com\/seguros\/#organization"},"alternateName":"Grupo Nu\u00f1o, m\u00e1s que Seguros y Fianzas","potentialAction":[{"@type":"SearchAction","target":{"@type":"EntryPoint","urlTemplate":"https:\/\/gruponuno.com\/seguros\/?s={search_term_string}"},"query-input":{"@type":"PropertyValueSpecification","valueRequired":true,"valueName":"search_term_string"}}],"inLanguage":"en-US"},{"@type":"Organization","@id":"https:\/\/gruponuno.com\/seguros\/#organization","name":"Grupo Nu\u00f1o m\u00e1s que Seguros y Fianzas","alternateName":"Grupo Nu\u00f1o, m\u00e1s que Seguros y Fianzas","url":"https:\/\/gruponuno.com\/seguros\/","logo":{"@type":"ImageObject","inLanguage":"en-US","@id":"https:\/\/gruponuno.com\/seguros\/#\/schema\/logo\/image\/","url":"https:\/\/gruponuno.com\/seguros\/wp-content\/uploads\/2022\/03\/Logo-Grupo-Nuno.png","contentUrl":"https:\/\/gruponuno.com\/seguros\/wp-content\/uploads\/2022\/03\/Logo-Grupo-Nuno.png","width":170,"height":87,"caption":"Grupo Nu\u00f1o m\u00e1s que Seguros y Fianzas"},"image":{"@id":"https:\/\/gruponuno.com\/seguros\/#\/schema\/logo\/image\/"},"sameAs":["https:\/\/www.facebook.com\/gruponuno\/","https:\/\/x.com\/gruponuno"]}]}},"amp_enabled":true,"_links":{"self":[{"href":"https:\/\/gruponuno.com\/seguros\/en\/wp-json\/wp\/v2\/pages\/18949"}],"collection":[{"href":"https:\/\/gruponuno.com\/seguros\/en\/wp-json\/wp\/v2\/pages"}],"about":[{"href":"https:\/\/gruponuno.com\/seguros\/en\/wp-json\/wp\/v2\/types\/page"}],"author":[{"embeddable":true,"href":"https:\/\/gruponuno.com\/seguros\/en\/wp-json\/wp\/v2\/users\/1"}],"replies":[{"embeddable":true,"href":"https:\/\/gruponuno.com\/seguros\/en\/wp-json\/wp\/v2\/comments?post=18949"}],"version-history":[{"count":9,"href":"https:\/\/gruponuno.com\/seguros\/en\/wp-json\/wp\/v2\/pages\/18949\/revisions"}],"predecessor-version":[{"id":18981,"href":"https:\/\/gruponuno.com\/seguros\/en\/wp-json\/wp\/v2\/pages\/18949\/revisions\/18981"}],"wp:attachment":[{"href":"https:\/\/gruponuno.com\/seguros\/en\/wp-json\/wp\/v2\/media?parent=18949"}],"curies":[{"name":"wp","href":"https:\/\/api.w.org\/{rel}","templated":true}]}}