{"id":1171,"date":"2017-02-08T09:48:39","date_gmt":"2017-02-08T09:48:39","guid":{"rendered":"http:\/\/consulting.stylemixthemes.com\/demo\/?page_id=1171"},"modified":"2025-07-02T23:34:28","modified_gmt":"2025-07-02T23:34:28","slug":"contactanos","status":"publish","type":"page","link":"https:\/\/gruponuno.com\/seguros\/contactanos\/","title":{"rendered":"Contacto"},"content":{"rendered":"\t\t<div data-elementor-type=\"wp-page\" data-elementor-id=\"1171\" class=\"elementor elementor-1171\" data-elementor-post-type=\"page\">\n\t\t\t\t\t\t<section class=\"elementor-section elementor-top-section elementor-element elementor-element-37103d6 elementor-section-boxed elementor-section-height-default elementor-section-height-default\" data-id=\"37103d6\" data-element_type=\"section\" data-settings=\"{&quot;background_background&quot;:&quot;classic&quot;}\">\n\t\t\t\t\t\t<div class=\"elementor-container elementor-column-gap-default\">\n\t\t\t\t\t<div class=\"elementor-column elementor-col-100 elementor-top-column elementor-element elementor-element-37108e5\" data-id=\"37108e5\" data-element_type=\"column\" data-settings=\"{&quot;background_background&quot;:&quot;classic&quot;}\">\n\t\t\t<div class=\"elementor-widget-wrap elementor-element-populated\">\n\t\t\t\t\t\t<div class=\"elementor-element elementor-element-3710f3c elementor-widget elementor-widget-stm_contacts_widget\" data-id=\"3710f3c\" data-element_type=\"widget\" data-widget_type=\"stm_contacts_widget.default\">\n\t\t\t\t<div class=\"elementor-widget-container\">\n\t\t\t\t\t\n<div class=\"stm_contacts_widget consulting_elementor_contacts_widget style_4 \">\n    \n    \n    \n        <ul>\n                            <li>\n                    <div class=\"icon\"><i class=\"fa fa-map-marker\"><\/i><\/div>\n                    <div class=\"text\">C. Mexicaltzingo 2379, Arcos Sur, 44150 Guadalajara, Jal.<\/div>\n                <\/li>\n                                        <li>\n                    <div class=\"icon\"><i class=\"fa fa-phone\"><\/i><\/div>\n                    <div class=\"text\">\n                        +52 33 3849 7819                                            <\/div>\n                <\/li>\n                                                    <li>\n                    <div class=\"icon\"><i class=\"fa fa-envelope\"><\/i><\/div>\n                    <div class=\"text\"><a href=\"mailto:in&#102;&#111;&#64;&#103;&#114;u&#112;&#111;n&#117;&#110;o.&#99;&#111;&#109;\">inf&#111;&#64;&#103;r&#117;&#112;on&#117;no&#46;co&#109;<\/a><\/div>\n                <\/li>\n                                <\/ul>\n                    <ul class=\"socials\">\n                                    <li><a href=\"https:\/\/www.facebook.com\/gruponuno\/\" target=\"_blank\" class=\"social-facebook\"><i class=\"fa fa-facebook\"><\/i><\/a><\/li>\n                                                    <li><a href=\"https:\/\/twitter.com\/GrupoNuno\/\" target=\"_blank\" class=\"social-twitter\"><i class=\"fa fa-twitter\"><\/i><\/a><\/li>\n                                                    <li><a href=\"https:\/\/www.linkedin.com\/authwall?trk=gf&#038;trkInfo=AQGgnGav_XXgIwAAAYI8MKwYnPVmqhckz21cAMommA7JA0nHbSwXF_N7teaqIcEZFdJyVODogi_XcXQ4Sl2y9FJju1zMGSqHnfI7l8iMPM7xDoCEAOW0v7qviZbxvJgtpFnkx04=&#038;original_referer=https:\/\/netk.com.mx\/&#038;sessionRedirect=https%3A%2F%2Fwww.linkedin.com%2Fcompany%2Fgruponuno%2F\" target=\"_blank\" class=\"social-linkedin\"><i class=\"fa fa-linkedin\"><\/i><\/a><\/li>\n                                                            <\/ul>\n        \n    \n<\/div>\t\t\t\t<\/div>\n\t\t\t\t<\/div>\n\t\t\t\t<div class=\"elementor-element elementor-element-8c89d8a elementor-shape-rounded elementor-grid-0 e-grid-align-center elementor-widget elementor-widget-social-icons\" data-id=\"8c89d8a\" data-element_type=\"widget\" data-widget_type=\"social-icons.default\">\n\t\t\t\t<div class=\"elementor-widget-container\">\n\t\t\t\t\t\t\t<div class=\"elementor-social-icons-wrapper elementor-grid\" role=\"list\">\n\t\t\t\t\t\t\t<span class=\"elementor-grid-item\" role=\"listitem\">\n\t\t\t\t\t<a class=\"elementor-icon elementor-social-icon elementor-social-icon-facebook elementor-repeater-item-48a2edd\" target=\"_blank\">\n\t\t\t\t\t\t<span class=\"elementor-screen-only\">Facebook<\/span>\n\t\t\t\t\t\t<i aria-hidden=\"true\" class=\"fab fa-facebook\"><\/i>\t\t\t\t\t<\/a>\n\t\t\t\t<\/span>\n\t\t\t\t\t\t\t<span class=\"elementor-grid-item\" role=\"listitem\">\n\t\t\t\t\t<a class=\"elementor-icon elementor-social-icon elementor-social-icon-twitter elementor-repeater-item-a33b56c\" target=\"_blank\">\n\t\t\t\t\t\t<span class=\"elementor-screen-only\">Twitter<\/span>\n\t\t\t\t\t\t<i aria-hidden=\"true\" class=\"fab fa-twitter\"><\/i>\t\t\t\t\t<\/a>\n\t\t\t\t<\/span>\n\t\t\t\t\t\t\t<span class=\"elementor-grid-item\" role=\"listitem\">\n\t\t\t\t\t<a class=\"elementor-icon elementor-social-icon elementor-social-icon-youtube elementor-repeater-item-319ca1b\" target=\"_blank\">\n\t\t\t\t\t\t<span class=\"elementor-screen-only\">Youtube<\/span>\n\t\t\t\t\t\t<i aria-hidden=\"true\" class=\"fab fa-youtube\"><\/i>\t\t\t\t\t<\/a>\n\t\t\t\t<\/span>\n\t\t\t\t\t<\/div>\n\t\t\t\t\t\t<\/div>\n\t\t\t\t<\/div>\n\t\t\t\t\t<\/div>\n\t\t<\/div>\n\t\t\t\t<div class=\"elementor-column elementor-col-100 elementor-top-column elementor-element elementor-element-3710ff7\" data-id=\"3710ff7\" data-element_type=\"column\" data-settings=\"{&quot;background_background&quot;:&quot;classic&quot;}\">\n\t\t\t<div class=\"elementor-widget-wrap elementor-element-populated\">\n\t\t\t\t\t\t<div class=\"elementor-element elementor-element-d762cc9 elementor-button-align-start elementor-widget elementor-widget-form\" data-id=\"d762cc9\" data-element_type=\"widget\" data-settings=\"{&quot;button_width&quot;:&quot;50&quot;,&quot;step_next_label&quot;:&quot;Next&quot;,&quot;step_previous_label&quot;:&quot;Previous&quot;,&quot;step_type&quot;:&quot;number_text&quot;,&quot;step_icon_shape&quot;:&quot;circle&quot;}\" data-widget_type=\"form.default\">\n\t\t\t\t<div class=\"elementor-widget-container\">\n\t\t\t\t\t\t\t<form class=\"elementor-form\" method=\"post\" id=\"Contacto\" name=\"Contacto\" aria-label=\"Contacto\">\n\t\t\t<input type=\"hidden\" name=\"post_id\" value=\"1171\"\/>\n\t\t\t<input type=\"hidden\" name=\"form_id\" value=\"d762cc9\"\/>\n\t\t\t<input type=\"hidden\" name=\"referer_title\" value=\"Contacto - Grupo Nu\u00f1o\" \/>\n\n\t\t\t\t\t\t\t<input type=\"hidden\" name=\"queried_id\" value=\"1171\"\/>\n\t\t\t\n\t\t\t<div class=\"elementor-form-fields-wrapper elementor-labels-above\">\n\t\t\t\t\t\t\t\t<div class=\"elementor-field-type-text elementor-field-group elementor-column elementor-field-group-name elementor-col-100 elementor-field-required\">\n\t\t\t\t\t\t\t\t\t\t\t\t<label for=\"form-field-name\" class=\"elementor-field-label\">\n\t\t\t\t\t\t\t\tNombre\t\t\t\t\t\t\t<\/label>\n\t\t\t\t\t\t\t\t\t\t\t\t\t\t<input size=\"1\" type=\"text\" name=\"form_fields[name]\" id=\"form-field-name\" class=\"elementor-field elementor-size-sm  elementor-field-textual\" required=\"required\">\n\t\t\t\t\t\t\t\t\t\t\t<\/div>\n\t\t\t\t\t\t\t\t<div class=\"elementor-field-type-text elementor-field-group elementor-column elementor-field-group-field_f570349 elementor-col-100 elementor-field-required\">\n\t\t\t\t\t\t\t\t\t\t\t\t<label for=\"form-field-field_f570349\" class=\"elementor-field-label\">\n\t\t\t\t\t\t\t\tApellidos\t\t\t\t\t\t\t<\/label>\n\t\t\t\t\t\t\t\t\t\t\t\t\t\t<input size=\"1\" type=\"text\" name=\"form_fields[field_f570349]\" id=\"form-field-field_f570349\" class=\"elementor-field elementor-size-sm  elementor-field-textual\" required=\"required\">\n\t\t\t\t\t\t\t\t\t\t\t<\/div>\n\t\t\t\t\t\t\t\t<div class=\"elementor-field-type-email elementor-field-group elementor-column elementor-field-group-email elementor-col-100 elementor-field-required\">\n\t\t\t\t\t\t\t\t\t\t\t\t<label for=\"form-field-email\" class=\"elementor-field-label\">\n\t\t\t\t\t\t\t\tEmail\t\t\t\t\t\t\t<\/label>\n\t\t\t\t\t\t\t\t\t\t\t\t\t\t<input size=\"1\" type=\"email\" name=\"form_fields[email]\" id=\"form-field-email\" class=\"elementor-field elementor-size-sm  elementor-field-textual\" placeholder=\"Email\" required=\"required\">\n\t\t\t\t\t\t\t\t\t\t\t<\/div>\n\t\t\t\t\t\t\t\t<div class=\"elementor-field-type-tel elementor-field-group elementor-column elementor-field-group-field_3c5b660 elementor-col-100 elementor-field-required\">\n\t\t\t\t\t\t\t\t\t\t\t\t<label for=\"form-field-field_3c5b660\" class=\"elementor-field-label\">\n\t\t\t\t\t\t\t\tTel\u00e9fono\t\t\t\t\t\t\t<\/label>\n\t\t\t\t\t\t\t\t<input size=\"1\" type=\"tel\" name=\"form_fields[field_3c5b660]\" id=\"form-field-field_3c5b660\" class=\"elementor-field elementor-size-sm  elementor-field-textual\" required=\"required\" pattern=\"[0-9()#&amp;+*-=.]+\" title=\"Solo se aceptan n\u00fameros y caracteres de tel\u00e9fono (#,-,*,etc).\">\n\n\t\t\t\t\t\t<\/div>\n\t\t\t\t\t\t\t\t<div class=\"elementor-field-type-text elementor-field-group elementor-column elementor-field-group-field_79d235a elementor-col-100 elementor-field-required\">\n\t\t\t\t\t\t\t\t\t\t\t\t<label for=\"form-field-field_79d235a\" class=\"elementor-field-label\">\n\t\t\t\t\t\t\t\tCiudad\t\t\t\t\t\t\t<\/label>\n\t\t\t\t\t\t\t\t\t\t\t\t\t\t<input size=\"1\" type=\"text\" name=\"form_fields[field_79d235a]\" id=\"form-field-field_79d235a\" class=\"elementor-field elementor-size-sm  elementor-field-textual\" required=\"required\">\n\t\t\t\t\t\t\t\t\t\t\t<\/div>\n\t\t\t\t\t\t\t\t<div class=\"elementor-field-type-select elementor-field-group elementor-column elementor-field-group-field_9e90af6 elementor-col-100 elementor-field-required\">\n\t\t\t\t\t\t\t\t\t\t\t\t<label for=\"form-field-field_9e90af6\" class=\"elementor-field-label\">\n\t\t\t\t\t\t\t\tServicio Solicitado\t\t\t\t\t\t\t<\/label>\n\t\t\t\t\t\t\t\t<div class=\"elementor-field elementor-select-wrapper remove-before \">\n\t\t\t<div class=\"select-caret-down-wrapper\">\n\t\t\t\t<i aria-hidden=\"true\" class=\"eicon-caret-down\"><\/i>\t\t\t<\/div>\n\t\t\t<select name=\"form_fields[field_9e90af6]\" id=\"form-field-field_9e90af6\" class=\"elementor-field-textual elementor-size-sm\" required=\"required\">\n\t\t\t\t\t\t\t\t\t<option value=\"Seguro de Cr\u00e9dito\">Seguro de Cr\u00e9dito<\/option>\n\t\t\t\t\t\t\t\t\t<option value=\"Seguro de Mercanc\u00edas\">Seguro de Mercanc\u00edas<\/option>\n\t\t\t\t\t\t\t\t\t<option value=\"Empresariales\">Empresariales<\/option>\n\t\t\t\t\t\t\t\t\t<option value=\"Casco de Buques y Aviones\">Casco de Buques y Aviones<\/option>\n\t\t\t\t\t\t\t\t\t<option value=\"Seguros Personales\">Seguros Personales<\/option>\n\t\t\t\t\t\t\t\t\t<option value=\"Fianza\">Fianza<\/option>\n\t\t\t\t\t\t\t<\/select>\n\t\t<\/div>\n\t\t\t\t\t\t<\/div>\n\t\t\t\t\t\t\t\t<div class=\"elementor-field-group elementor-column elementor-field-type-submit elementor-col-50 e-form__buttons\">\n\t\t\t\t\t<button class=\"elementor-button elementor-size-sm\" type=\"submit\" id=\"B-Contacto\">\n\t\t\t\t\t\t<span class=\"elementor-button-content-wrapper\">\n\t\t\t\t\t\t\t\t\t\t\t\t\t\t\t\t\t\t\t\t\t\t<span class=\"elementor-button-text\">Solicitar Informaci\u00f3n<\/span>\n\t\t\t\t\t\t\t\t\t\t\t\t\t<\/span>\n\t\t\t\t\t<\/button>\n\t\t\t\t<\/div>\n\t\t\t<\/div>\n\t\t<\/form>\n\t\t\t\t\t\t<\/div>\n\t\t\t\t<\/div>\n\t\t\t\t<div class=\"elementor-element elementor-element-29fbd7a elementor-widget elementor-widget-html\" data-id=\"29fbd7a\" data-element_type=\"widget\" data-widget_type=\"html.default\">\n\t\t\t\t<div class=\"elementor-widget-container\">\n\t\t\t\t\t<script type=\"text\/javascript\" src=\"https:\/\/api.clientify.net\/web-marketing\/webforms\/external\/script\/118553.js\"><\/script>\t\t\t\t<\/div>\n\t\t\t\t<\/div>\n\t\t\t\t\t<\/div>\n\t\t<\/div>\n\t\t\t\t\t<\/div>\n\t\t<\/section>\n\t\t\t\t<\/div>\n\t\t","protected":false},"excerpt":{"rendered":"<p>C. Mexicaltzingo 2379, Arcos Sur, 44150 Guadalajara, Jal. +52 33 3849 7819 &#105;nf&#111;&#64;g&#114;&#117;&#112;&#111;&#110;&#117;&#110;&#111;.&#99;om Facebook Twitter Youtube<\/p>\n","protected":false},"author":1,"featured_media":0,"parent":0,"menu_order":0,"comment_status":"closed","ping_status":"closed","template":"","meta":{"footnotes":""},"class_list":["post-1171","page","type-page","status-publish","hentry"],"yoast_head":"<!-- This site is optimized with the Yoast SEO plugin v23.5 - https:\/\/yoast.com\/wordpress\/plugins\/seo\/ -->\n<title>Contacto - Grupo Nu\u00f1o<\/title>\n<meta name=\"description\" content=\"Grupo Nu\u00f1o. Servicio en todo M\u00e9xico. Seguro, fianzas, cotizador de seguros, seguros de gastos m\u00e9dicos, seguros de accidentes personales. Contacto.\" \/>\n<meta name=\"robots\" content=\"index, follow, max-snippet:-1, max-image-preview:large, max-video-preview:-1\" \/>\n<link rel=\"canonical\" href=\"https:\/\/gruponuno.com\/seguros\/contactanos\/\" \/>\n<meta property=\"og:locale\" content=\"es_ES\" \/>\n<meta property=\"og:type\" content=\"article\" \/>\n<meta property=\"og:title\" content=\"Contacto - Grupo Nu\u00f1o\" \/>\n<meta property=\"og:description\" content=\"Grupo Nu\u00f1o. Servicio en todo M\u00e9xico. Seguro, fianzas, cotizador de seguros, seguros de gastos m\u00e9dicos, seguros de accidentes personales. Contacto.\" \/>\n<meta property=\"og:url\" content=\"https:\/\/gruponuno.com\/seguros\/contactanos\/\" \/>\n<meta property=\"og:site_name\" content=\"Grupo Nu\u00f1o\" \/>\n<meta property=\"article:publisher\" content=\"https:\/\/www.facebook.com\/gruponuno\/\" \/>\n<meta property=\"article:modified_time\" content=\"2025-07-02T23:34:28+00:00\" \/>\n<meta name=\"twitter:card\" content=\"summary_large_image\" \/>\n<meta name=\"twitter:site\" content=\"@gruponuno\" \/>\n<meta name=\"twitter:label1\" content=\"Tiempo de lectura\" \/>\n\t<meta name=\"twitter:data1\" content=\"1 minuto\" \/>\n<script type=\"application\/ld+json\" class=\"yoast-schema-graph\">{\"@context\":\"https:\/\/schema.org\",\"@graph\":[{\"@type\":\"WebPage\",\"@id\":\"https:\/\/gruponuno.com\/seguros\/contactanos\/\",\"url\":\"https:\/\/gruponuno.com\/seguros\/contactanos\/\",\"name\":\"Contacto - Grupo Nu\u00f1o\",\"isPartOf\":{\"@id\":\"https:\/\/gruponuno.com\/seguros\/#website\"},\"datePublished\":\"2017-02-08T09:48:39+00:00\",\"dateModified\":\"2025-07-02T23:34:28+00:00\",\"description\":\"Grupo Nu\u00f1o. Servicio en todo M\u00e9xico. Seguro, fianzas, cotizador de seguros, seguros de gastos m\u00e9dicos, seguros de accidentes personales. Contacto.\",\"breadcrumb\":{\"@id\":\"https:\/\/gruponuno.com\/seguros\/contactanos\/#breadcrumb\"},\"inLanguage\":\"es\",\"potentialAction\":[{\"@type\":\"ReadAction\",\"target\":[\"https:\/\/gruponuno.com\/seguros\/contactanos\/\"]}]},{\"@type\":\"BreadcrumbList\",\"@id\":\"https:\/\/gruponuno.com\/seguros\/contactanos\/#breadcrumb\",\"itemListElement\":[{\"@type\":\"ListItem\",\"position\":1,\"name\":\"Portada\",\"item\":\"https:\/\/gruponuno.com\/seguros\/\"},{\"@type\":\"ListItem\",\"position\":2,\"name\":\"Contacto\"}]},{\"@type\":\"WebSite\",\"@id\":\"https:\/\/gruponuno.com\/seguros\/#website\",\"url\":\"https:\/\/gruponuno.com\/seguros\/\",\"name\":\"Grupo Nu\u00f1o\",\"description\":\"Somos especialistas en la prevenci\u00f3n de p\u00e9rdidas econ\u00f3micas para el sector log\u00edstico e industrial. Asegura con nosotros 800 024 9988; seguro para carga, contenedores, cr\u00e9dito, fraudes, gastos m\u00e9dicos, vida y autos\",\"publisher\":{\"@id\":\"https:\/\/gruponuno.com\/seguros\/#organization\"},\"alternateName\":\"Grupo Nu\u00f1o, m\u00e1s que Seguros y Fianzas\",\"potentialAction\":[{\"@type\":\"SearchAction\",\"target\":{\"@type\":\"EntryPoint\",\"urlTemplate\":\"https:\/\/gruponuno.com\/seguros\/?s={search_term_string}\"},\"query-input\":{\"@type\":\"PropertyValueSpecification\",\"valueRequired\":true,\"valueName\":\"search_term_string\"}}],\"inLanguage\":\"es\"},{\"@type\":\"Organization\",\"@id\":\"https:\/\/gruponuno.com\/seguros\/#organization\",\"name\":\"Grupo Nu\u00f1o\",\"alternateName\":\"Grupo Nu\u00f1o, m\u00e1s que Seguros y Fianzas\",\"url\":\"https:\/\/gruponuno.com\/seguros\/\",\"logo\":{\"@type\":\"ImageObject\",\"inLanguage\":\"es\",\"@id\":\"https:\/\/gruponuno.com\/seguros\/#\/schema\/logo\/image\/\",\"url\":\"https:\/\/gruponuno.com\/seguros\/wp-content\/uploads\/2022\/03\/Logo-Grupo-Nuno.png\",\"contentUrl\":\"https:\/\/gruponuno.com\/seguros\/wp-content\/uploads\/2022\/03\/Logo-Grupo-Nuno.png\",\"width\":170,\"height\":87,\"caption\":\"Grupo Nu\u00f1o\"},\"image\":{\"@id\":\"https:\/\/gruponuno.com\/seguros\/#\/schema\/logo\/image\/\"},\"sameAs\":[\"https:\/\/www.facebook.com\/gruponuno\/\",\"https:\/\/x.com\/gruponuno\"]}]}<\/script>\n<!-- \/ Yoast SEO plugin. -->","yoast_head_json":{"title":"Contacto - Grupo Nu\u00f1o","description":"Grupo Nu\u00f1o. Servicio en todo M\u00e9xico. Seguro, fianzas, cotizador de seguros, seguros de gastos m\u00e9dicos, seguros de accidentes personales. Contacto.","robots":{"index":"index","follow":"follow","max-snippet":"max-snippet:-1","max-image-preview":"max-image-preview:large","max-video-preview":"max-video-preview:-1"},"canonical":"https:\/\/gruponuno.com\/seguros\/contactanos\/","og_locale":"es_ES","og_type":"article","og_title":"Contacto - Grupo Nu\u00f1o","og_description":"Grupo Nu\u00f1o. Servicio en todo M\u00e9xico. Seguro, fianzas, cotizador de seguros, seguros de gastos m\u00e9dicos, seguros de accidentes personales. Contacto.","og_url":"https:\/\/gruponuno.com\/seguros\/contactanos\/","og_site_name":"Grupo Nu\u00f1o","article_publisher":"https:\/\/www.facebook.com\/gruponuno\/","article_modified_time":"2025-07-02T23:34:28+00:00","twitter_card":"summary_large_image","twitter_site":"@gruponuno","twitter_misc":{"Tiempo de lectura":"1 minuto"},"schema":{"@context":"https:\/\/schema.org","@graph":[{"@type":"WebPage","@id":"https:\/\/gruponuno.com\/seguros\/contactanos\/","url":"https:\/\/gruponuno.com\/seguros\/contactanos\/","name":"Contacto - Grupo Nu\u00f1o","isPartOf":{"@id":"https:\/\/gruponuno.com\/seguros\/#website"},"datePublished":"2017-02-08T09:48:39+00:00","dateModified":"2025-07-02T23:34:28+00:00","description":"Grupo Nu\u00f1o. Servicio en todo M\u00e9xico. Seguro, fianzas, cotizador de seguros, seguros de gastos m\u00e9dicos, seguros de accidentes personales. Contacto.","breadcrumb":{"@id":"https:\/\/gruponuno.com\/seguros\/contactanos\/#breadcrumb"},"inLanguage":"es","potentialAction":[{"@type":"ReadAction","target":["https:\/\/gruponuno.com\/seguros\/contactanos\/"]}]},{"@type":"BreadcrumbList","@id":"https:\/\/gruponuno.com\/seguros\/contactanos\/#breadcrumb","itemListElement":[{"@type":"ListItem","position":1,"name":"Portada","item":"https:\/\/gruponuno.com\/seguros\/"},{"@type":"ListItem","position":2,"name":"Contacto"}]},{"@type":"WebSite","@id":"https:\/\/gruponuno.com\/seguros\/#website","url":"https:\/\/gruponuno.com\/seguros\/","name":"Grupo Nu\u00f1o","description":"Somos especialistas en la prevenci\u00f3n de p\u00e9rdidas econ\u00f3micas para el sector log\u00edstico e industrial. Asegura con nosotros 800 024 9988; seguro para carga, contenedores, cr\u00e9dito, fraudes, gastos m\u00e9dicos, vida y autos","publisher":{"@id":"https:\/\/gruponuno.com\/seguros\/#organization"},"alternateName":"Grupo Nu\u00f1o, m\u00e1s que Seguros y Fianzas","potentialAction":[{"@type":"SearchAction","target":{"@type":"EntryPoint","urlTemplate":"https:\/\/gruponuno.com\/seguros\/?s={search_term_string}"},"query-input":{"@type":"PropertyValueSpecification","valueRequired":true,"valueName":"search_term_string"}}],"inLanguage":"es"},{"@type":"Organization","@id":"https:\/\/gruponuno.com\/seguros\/#organization","name":"Grupo Nu\u00f1o","alternateName":"Grupo Nu\u00f1o, m\u00e1s que Seguros y Fianzas","url":"https:\/\/gruponuno.com\/seguros\/","logo":{"@type":"ImageObject","inLanguage":"es","@id":"https:\/\/gruponuno.com\/seguros\/#\/schema\/logo\/image\/","url":"https:\/\/gruponuno.com\/seguros\/wp-content\/uploads\/2022\/03\/Logo-Grupo-Nuno.png","contentUrl":"https:\/\/gruponuno.com\/seguros\/wp-content\/uploads\/2022\/03\/Logo-Grupo-Nuno.png","width":170,"height":87,"caption":"Grupo Nu\u00f1o"},"image":{"@id":"https:\/\/gruponuno.com\/seguros\/#\/schema\/logo\/image\/"},"sameAs":["https:\/\/www.facebook.com\/gruponuno\/","https:\/\/x.com\/gruponuno"]}]}},"amp_enabled":true,"_links":{"self":[{"href":"https:\/\/gruponuno.com\/seguros\/wp-json\/wp\/v2\/pages\/1171"}],"collection":[{"href":"https:\/\/gruponuno.com\/seguros\/wp-json\/wp\/v2\/pages"}],"about":[{"href":"https:\/\/gruponuno.com\/seguros\/wp-json\/wp\/v2\/types\/page"}],"author":[{"embeddable":true,"href":"https:\/\/gruponuno.com\/seguros\/wp-json\/wp\/v2\/users\/1"}],"replies":[{"embeddable":true,"href":"https:\/\/gruponuno.com\/seguros\/wp-json\/wp\/v2\/comments?post=1171"}],"version-history":[{"count":99,"href":"https:\/\/gruponuno.com\/seguros\/wp-json\/wp\/v2\/pages\/1171\/revisions"}],"predecessor-version":[{"id":19024,"href":"https:\/\/gruponuno.com\/seguros\/wp-json\/wp\/v2\/pages\/1171\/revisions\/19024"}],"wp:attachment":[{"href":"https:\/\/gruponuno.com\/seguros\/wp-json\/wp\/v2\/media?parent=1171"}],"curies":[{"name":"wp","href":"https:\/\/api.w.org\/{rel}","templated":true}]}}