{"id":16683,"date":"2023-07-20T20:40:16","date_gmt":"2023-07-20T20:40:16","guid":{"rendered":"https:\/\/gruponuno.com\/seguros\/?page_id=16683"},"modified":"2023-07-20T20:40:20","modified_gmt":"2023-07-20T20:40:20","slug":"revista-digital-grupo-nuno","status":"publish","type":"page","link":"https:\/\/gruponuno.com\/seguros\/revista-digital-grupo-nuno\/","title":{"rendered":"Revista Digital Grupo Nu\u00f1o"},"content":{"rendered":"","protected":false},"excerpt":{"rendered":"","protected":false},"author":2,"featured_media":16703,"parent":0,"menu_order":0,"comment_status":"closed","ping_status":"closed","template":"","meta":{"footnotes":""},"class_list":["post-16683","page","type-page","status-publish","has-post-thumbnail","hentry"],"yoast_head":"<!-- This site is optimized with the Yoast SEO plugin v23.5 - https:\/\/yoast.com\/wordpress\/plugins\/seo\/ -->\n<title>Revista Digital Grupo Nu\u00f1o - Grupo Nu\u00f1o<\/title>\n<meta name=\"description\" content=\"&quot;Descubre la revista digital de Grupo Nu\u00f1o, donde encontrar\u00e1s informaci\u00f3n actualizada sobre seguros de carga en tr\u00e1nsito y seguro de cr\u00e9dito, consejos para proteger tus env\u00edos y evaluar la solvencia de tus clientes. Adem\u00e1s, disfruta de art\u00edculos destacados en colaboraci\u00f3n con importantes socios estrat\u00e9gicos. Mantente al d\u00eda con las \u00faltimas tendencias del sector y encuentra soluciones integrales para asegurar tus mercanc\u00edas durante su transporte y proteger tu negocio ante el riesgo crediticio. Explora nuestra revista digital y obt\u00e9n conocimientos valiosos para garantizar la seguridad y el \u00e9xito de tus operaciones comerciales. \u00a1Descarga ahora la revista y d\u00e9janos ser tu gu\u00eda en el mundo de los seguros de carga en tr\u00e1nsito y seguro de cr\u00e9dito!&quot;\" \/>\n<meta name=\"robots\" content=\"index, follow, max-snippet:-1, max-image-preview:large, max-video-preview:-1\" \/>\n<link rel=\"canonical\" href=\"https:\/\/gruponuno.com\/seguros\/revista-digital-grupo-nuno\/\" \/>\n<meta property=\"og:locale\" content=\"es_ES\" \/>\n<meta property=\"og:type\" content=\"article\" \/>\n<meta property=\"og:title\" content=\"Revista Digital Grupo Nu\u00f1o - Grupo Nu\u00f1o\" \/>\n<meta property=\"og:description\" content=\"&quot;Descubre la revista digital de Grupo Nu\u00f1o, donde encontrar\u00e1s informaci\u00f3n actualizada sobre seguros de carga en tr\u00e1nsito y seguro de cr\u00e9dito, consejos para proteger tus env\u00edos y evaluar la solvencia de tus clientes. Adem\u00e1s, disfruta de art\u00edculos destacados en colaboraci\u00f3n con importantes socios estrat\u00e9gicos. Mantente al d\u00eda con las \u00faltimas tendencias del sector y encuentra soluciones integrales para asegurar tus mercanc\u00edas durante su transporte y proteger tu negocio ante el riesgo crediticio. Explora nuestra revista digital y obt\u00e9n conocimientos valiosos para garantizar la seguridad y el \u00e9xito de tus operaciones comerciales. \u00a1Descarga ahora la revista y d\u00e9janos ser tu gu\u00eda en el mundo de los seguros de carga en tr\u00e1nsito y seguro de cr\u00e9dito!&quot;\" \/>\n<meta property=\"og:url\" content=\"https:\/\/gruponuno.com\/seguros\/revista-digital-grupo-nuno\/\" \/>\n<meta property=\"og:site_name\" content=\"Grupo Nu\u00f1o\" \/>\n<meta property=\"article:publisher\" content=\"https:\/\/www.facebook.com\/gruponuno\/\" \/>\n<meta property=\"article:modified_time\" content=\"2023-07-20T20:40:20+00:00\" \/>\n<meta property=\"og:image\" content=\"https:\/\/gruponuno.com\/seguros\/wp-content\/uploads\/2023\/07\/Caratula_Revista_grupo-Nuno_Julio_3_2023-1024x576.png\" \/>\n\t<meta property=\"og:image:width\" content=\"1024\" \/>\n\t<meta property=\"og:image:height\" content=\"576\" \/>\n\t<meta property=\"og:image:type\" content=\"image\/png\" \/>\n<meta name=\"twitter:card\" content=\"summary_large_image\" \/>\n<meta name=\"twitter:site\" content=\"@gruponuno\" \/>\n<script type=\"application\/ld+json\" class=\"yoast-schema-graph\">{\"@context\":\"https:\/\/schema.org\",\"@graph\":[{\"@type\":\"WebPage\",\"@id\":\"https:\/\/gruponuno.com\/seguros\/revista-digital-grupo-nuno\/\",\"url\":\"https:\/\/gruponuno.com\/seguros\/revista-digital-grupo-nuno\/\",\"name\":\"Revista Digital Grupo Nu\u00f1o - Grupo Nu\u00f1o\",\"isPartOf\":{\"@id\":\"https:\/\/gruponuno.com\/seguros\/#website\"},\"primaryImageOfPage\":{\"@id\":\"https:\/\/gruponuno.com\/seguros\/revista-digital-grupo-nuno\/#primaryimage\"},\"image\":{\"@id\":\"https:\/\/gruponuno.com\/seguros\/revista-digital-grupo-nuno\/#primaryimage\"},\"thumbnailUrl\":\"https:\/\/gruponuno.com\/seguros\/wp-content\/uploads\/2023\/07\/Caratula_Revista_grupo-Nuno_Julio_3_2023.png\",\"datePublished\":\"2023-07-20T20:40:16+00:00\",\"dateModified\":\"2023-07-20T20:40:20+00:00\",\"description\":\"\\\"Descubre la revista digital de Grupo Nu\u00f1o, donde encontrar\u00e1s informaci\u00f3n actualizada sobre seguros de carga en tr\u00e1nsito y seguro de cr\u00e9dito, consejos para proteger tus env\u00edos y evaluar la solvencia de tus clientes. Adem\u00e1s, disfruta de art\u00edculos destacados en colaboraci\u00f3n con importantes socios estrat\u00e9gicos. Mantente al d\u00eda con las \u00faltimas tendencias del sector y encuentra soluciones integrales para asegurar tus mercanc\u00edas durante su transporte y proteger tu negocio ante el riesgo crediticio. Explora nuestra revista digital y obt\u00e9n conocimientos valiosos para garantizar la seguridad y el \u00e9xito de tus operaciones comerciales. \u00a1Descarga ahora la revista y d\u00e9janos ser tu gu\u00eda en el mundo de los seguros de carga en tr\u00e1nsito y seguro de cr\u00e9dito!\\\"\",\"breadcrumb\":{\"@id\":\"https:\/\/gruponuno.com\/seguros\/revista-digital-grupo-nuno\/#breadcrumb\"},\"inLanguage\":\"es\",\"potentialAction\":[{\"@type\":\"ReadAction\",\"target\":[\"https:\/\/gruponuno.com\/seguros\/revista-digital-grupo-nuno\/\"]}]},{\"@type\":\"ImageObject\",\"inLanguage\":\"es\",\"@id\":\"https:\/\/gruponuno.com\/seguros\/revista-digital-grupo-nuno\/#primaryimage\",\"url\":\"https:\/\/gruponuno.com\/seguros\/wp-content\/uploads\/2023\/07\/Caratula_Revista_grupo-Nuno_Julio_3_2023.png\",\"contentUrl\":\"https:\/\/gruponuno.com\/seguros\/wp-content\/uploads\/2023\/07\/Caratula_Revista_grupo-Nuno_Julio_3_2023.png\",\"width\":1600,\"height\":900},{\"@type\":\"BreadcrumbList\",\"@id\":\"https:\/\/gruponuno.com\/seguros\/revista-digital-grupo-nuno\/#breadcrumb\",\"itemListElement\":[{\"@type\":\"ListItem\",\"position\":1,\"name\":\"Portada\",\"item\":\"https:\/\/gruponuno.com\/seguros\/\"},{\"@type\":\"ListItem\",\"position\":2,\"name\":\"Revista Digital Grupo Nu\u00f1o\"}]},{\"@type\":\"WebSite\",\"@id\":\"https:\/\/gruponuno.com\/seguros\/#website\",\"url\":\"https:\/\/gruponuno.com\/seguros\/\",\"name\":\"Grupo Nu\u00f1o\",\"description\":\"Somos especialistas en la prevenci\u00f3n de p\u00e9rdidas econ\u00f3micas para el sector log\u00edstico e industrial. Asegura con nosotros 800 024 9988; seguro para carga, contenedores, cr\u00e9dito, fraudes, gastos m\u00e9dicos, vida y autos\",\"publisher\":{\"@id\":\"https:\/\/gruponuno.com\/seguros\/#organization\"},\"alternateName\":\"Grupo Nu\u00f1o, m\u00e1s que Seguros y Fianzas\",\"potentialAction\":[{\"@type\":\"SearchAction\",\"target\":{\"@type\":\"EntryPoint\",\"urlTemplate\":\"https:\/\/gruponuno.com\/seguros\/?s={search_term_string}\"},\"query-input\":{\"@type\":\"PropertyValueSpecification\",\"valueRequired\":true,\"valueName\":\"search_term_string\"}}],\"inLanguage\":\"es\"},{\"@type\":\"Organization\",\"@id\":\"https:\/\/gruponuno.com\/seguros\/#organization\",\"name\":\"Grupo Nu\u00f1o\",\"alternateName\":\"Grupo Nu\u00f1o, m\u00e1s que Seguros y Fianzas\",\"url\":\"https:\/\/gruponuno.com\/seguros\/\",\"logo\":{\"@type\":\"ImageObject\",\"inLanguage\":\"es\",\"@id\":\"https:\/\/gruponuno.com\/seguros\/#\/schema\/logo\/image\/\",\"url\":\"https:\/\/gruponuno.com\/seguros\/wp-content\/uploads\/2022\/03\/Logo-Grupo-Nuno.png\",\"contentUrl\":\"https:\/\/gruponuno.com\/seguros\/wp-content\/uploads\/2022\/03\/Logo-Grupo-Nuno.png\",\"width\":170,\"height\":87,\"caption\":\"Grupo Nu\u00f1o\"},\"image\":{\"@id\":\"https:\/\/gruponuno.com\/seguros\/#\/schema\/logo\/image\/\"},\"sameAs\":[\"https:\/\/www.facebook.com\/gruponuno\/\",\"https:\/\/x.com\/gruponuno\"]}]}<\/script>\n<!-- \/ Yoast SEO plugin. -->","yoast_head_json":{"title":"Revista Digital Grupo Nu\u00f1o - Grupo Nu\u00f1o","description":"\"Descubre la revista digital de Grupo Nu\u00f1o, donde encontrar\u00e1s informaci\u00f3n actualizada sobre seguros de carga en tr\u00e1nsito y seguro de cr\u00e9dito, consejos para proteger tus env\u00edos y evaluar la solvencia de tus clientes. Adem\u00e1s, disfruta de art\u00edculos destacados en colaboraci\u00f3n con importantes socios estrat\u00e9gicos. Mantente al d\u00eda con las \u00faltimas tendencias del sector y encuentra soluciones integrales para asegurar tus mercanc\u00edas durante su transporte y proteger tu negocio ante el riesgo crediticio. Explora nuestra revista digital y obt\u00e9n conocimientos valiosos para garantizar la seguridad y el \u00e9xito de tus operaciones comerciales. \u00a1Descarga ahora la revista y d\u00e9janos ser tu gu\u00eda en el mundo de los seguros de carga en tr\u00e1nsito y seguro de cr\u00e9dito!\"","robots":{"index":"index","follow":"follow","max-snippet":"max-snippet:-1","max-image-preview":"max-image-preview:large","max-video-preview":"max-video-preview:-1"},"canonical":"https:\/\/gruponuno.com\/seguros\/revista-digital-grupo-nuno\/","og_locale":"es_ES","og_type":"article","og_title":"Revista Digital Grupo Nu\u00f1o - Grupo Nu\u00f1o","og_description":"\"Descubre la revista digital de Grupo Nu\u00f1o, donde encontrar\u00e1s informaci\u00f3n actualizada sobre seguros de carga en tr\u00e1nsito y seguro de cr\u00e9dito, consejos para proteger tus env\u00edos y evaluar la solvencia de tus clientes. Adem\u00e1s, disfruta de art\u00edculos destacados en colaboraci\u00f3n con importantes socios estrat\u00e9gicos. Mantente al d\u00eda con las \u00faltimas tendencias del sector y encuentra soluciones integrales para asegurar tus mercanc\u00edas durante su transporte y proteger tu negocio ante el riesgo crediticio. Explora nuestra revista digital y obt\u00e9n conocimientos valiosos para garantizar la seguridad y el \u00e9xito de tus operaciones comerciales. \u00a1Descarga ahora la revista y d\u00e9janos ser tu gu\u00eda en el mundo de los seguros de carga en tr\u00e1nsito y seguro de cr\u00e9dito!\"","og_url":"https:\/\/gruponuno.com\/seguros\/revista-digital-grupo-nuno\/","og_site_name":"Grupo Nu\u00f1o","article_publisher":"https:\/\/www.facebook.com\/gruponuno\/","article_modified_time":"2023-07-20T20:40:20+00:00","og_image":[{"width":1024,"height":576,"url":"https:\/\/gruponuno.com\/seguros\/wp-content\/uploads\/2023\/07\/Caratula_Revista_grupo-Nuno_Julio_3_2023-1024x576.png","type":"image\/png"}],"twitter_card":"summary_large_image","twitter_site":"@gruponuno","schema":{"@context":"https:\/\/schema.org","@graph":[{"@type":"WebPage","@id":"https:\/\/gruponuno.com\/seguros\/revista-digital-grupo-nuno\/","url":"https:\/\/gruponuno.com\/seguros\/revista-digital-grupo-nuno\/","name":"Revista Digital Grupo Nu\u00f1o - Grupo Nu\u00f1o","isPartOf":{"@id":"https:\/\/gruponuno.com\/seguros\/#website"},"primaryImageOfPage":{"@id":"https:\/\/gruponuno.com\/seguros\/revista-digital-grupo-nuno\/#primaryimage"},"image":{"@id":"https:\/\/gruponuno.com\/seguros\/revista-digital-grupo-nuno\/#primaryimage"},"thumbnailUrl":"https:\/\/gruponuno.com\/seguros\/wp-content\/uploads\/2023\/07\/Caratula_Revista_grupo-Nuno_Julio_3_2023.png","datePublished":"2023-07-20T20:40:16+00:00","dateModified":"2023-07-20T20:40:20+00:00","description":"\"Descubre la revista digital de Grupo Nu\u00f1o, donde encontrar\u00e1s informaci\u00f3n actualizada sobre seguros de carga en tr\u00e1nsito y seguro de cr\u00e9dito, consejos para proteger tus env\u00edos y evaluar la solvencia de tus clientes. Adem\u00e1s, disfruta de art\u00edculos destacados en colaboraci\u00f3n con importantes socios estrat\u00e9gicos. Mantente al d\u00eda con las \u00faltimas tendencias del sector y encuentra soluciones integrales para asegurar tus mercanc\u00edas durante su transporte y proteger tu negocio ante el riesgo crediticio. Explora nuestra revista digital y obt\u00e9n conocimientos valiosos para garantizar la seguridad y el \u00e9xito de tus operaciones comerciales. \u00a1Descarga ahora la revista y d\u00e9janos ser tu gu\u00eda en el mundo de los seguros de carga en tr\u00e1nsito y seguro de cr\u00e9dito!\"","breadcrumb":{"@id":"https:\/\/gruponuno.com\/seguros\/revista-digital-grupo-nuno\/#breadcrumb"},"inLanguage":"es","potentialAction":[{"@type":"ReadAction","target":["https:\/\/gruponuno.com\/seguros\/revista-digital-grupo-nuno\/"]}]},{"@type":"ImageObject","inLanguage":"es","@id":"https:\/\/gruponuno.com\/seguros\/revista-digital-grupo-nuno\/#primaryimage","url":"https:\/\/gruponuno.com\/seguros\/wp-content\/uploads\/2023\/07\/Caratula_Revista_grupo-Nuno_Julio_3_2023.png","contentUrl":"https:\/\/gruponuno.com\/seguros\/wp-content\/uploads\/2023\/07\/Caratula_Revista_grupo-Nuno_Julio_3_2023.png","width":1600,"height":900},{"@type":"BreadcrumbList","@id":"https:\/\/gruponuno.com\/seguros\/revista-digital-grupo-nuno\/#breadcrumb","itemListElement":[{"@type":"ListItem","position":1,"name":"Portada","item":"https:\/\/gruponuno.com\/seguros\/"},{"@type":"ListItem","position":2,"name":"Revista Digital Grupo Nu\u00f1o"}]},{"@type":"WebSite","@id":"https:\/\/gruponuno.com\/seguros\/#website","url":"https:\/\/gruponuno.com\/seguros\/","name":"Grupo Nu\u00f1o","description":"Somos especialistas en la prevenci\u00f3n de p\u00e9rdidas econ\u00f3micas para el sector log\u00edstico e industrial. Asegura con nosotros 800 024 9988; seguro para carga, contenedores, cr\u00e9dito, fraudes, gastos m\u00e9dicos, vida y autos","publisher":{"@id":"https:\/\/gruponuno.com\/seguros\/#organization"},"alternateName":"Grupo Nu\u00f1o, m\u00e1s que Seguros y Fianzas","potentialAction":[{"@type":"SearchAction","target":{"@type":"EntryPoint","urlTemplate":"https:\/\/gruponuno.com\/seguros\/?s={search_term_string}"},"query-input":{"@type":"PropertyValueSpecification","valueRequired":true,"valueName":"search_term_string"}}],"inLanguage":"es"},{"@type":"Organization","@id":"https:\/\/gruponuno.com\/seguros\/#organization","name":"Grupo Nu\u00f1o","alternateName":"Grupo Nu\u00f1o, m\u00e1s que Seguros y Fianzas","url":"https:\/\/gruponuno.com\/seguros\/","logo":{"@type":"ImageObject","inLanguage":"es","@id":"https:\/\/gruponuno.com\/seguros\/#\/schema\/logo\/image\/","url":"https:\/\/gruponuno.com\/seguros\/wp-content\/uploads\/2022\/03\/Logo-Grupo-Nuno.png","contentUrl":"https:\/\/gruponuno.com\/seguros\/wp-content\/uploads\/2022\/03\/Logo-Grupo-Nuno.png","width":170,"height":87,"caption":"Grupo Nu\u00f1o"},"image":{"@id":"https:\/\/gruponuno.com\/seguros\/#\/schema\/logo\/image\/"},"sameAs":["https:\/\/www.facebook.com\/gruponuno\/","https:\/\/x.com\/gruponuno"]}]}},"amp_enabled":true,"_links":{"self":[{"href":"https:\/\/gruponuno.com\/seguros\/wp-json\/wp\/v2\/pages\/16683"}],"collection":[{"href":"https:\/\/gruponuno.com\/seguros\/wp-json\/wp\/v2\/pages"}],"about":[{"href":"https:\/\/gruponuno.com\/seguros\/wp-json\/wp\/v2\/types\/page"}],"author":[{"embeddable":true,"href":"https:\/\/gruponuno.com\/seguros\/wp-json\/wp\/v2\/users\/2"}],"replies":[{"embeddable":true,"href":"https:\/\/gruponuno.com\/seguros\/wp-json\/wp\/v2\/comments?post=16683"}],"version-history":[{"count":3,"href":"https:\/\/gruponuno.com\/seguros\/wp-json\/wp\/v2\/pages\/16683\/revisions"}],"predecessor-version":[{"id":16736,"href":"https:\/\/gruponuno.com\/seguros\/wp-json\/wp\/v2\/pages\/16683\/revisions\/16736"}],"wp:featuredmedia":[{"embeddable":true,"href":"https:\/\/gruponuno.com\/seguros\/wp-json\/wp\/v2\/media\/16703"}],"wp:attachment":[{"href":"https:\/\/gruponuno.com\/seguros\/wp-json\/wp\/v2\/media?parent=16683"}],"curies":[{"name":"wp","href":"https:\/\/api.w.org\/{rel}","templated":true}]}}