{"id":7153,"date":"2022-03-08T18:15:23","date_gmt":"2022-03-08T18:15:23","guid":{"rendered":"https:\/\/gruponuno.com\/seguros\/newsletter\/"},"modified":"2022-11-18T19:54:11","modified_gmt":"2022-11-18T19:54:11","slug":"newsletter","status":"publish","type":"page","link":"https:\/\/gruponuno.com\/seguros\/newsletter\/","title":{"rendered":"Newsletter"},"content":{"rendered":"<p>[newsletter]<\/p>\n","protected":false},"excerpt":{"rendered":"<p>[newsletter]<\/p>\n","protected":false},"author":1,"featured_media":0,"parent":0,"menu_order":0,"comment_status":"closed","ping_status":"closed","template":"","meta":{"footnotes":""},"class_list":["post-7153","page","type-page","status-publish","hentry"],"yoast_head":"<!-- This site is optimized with the Yoast SEO plugin v23.5 - https:\/\/yoast.com\/wordpress\/plugins\/seo\/ -->\n<title>Newsletter - Grupo Nu\u00f1o<\/title>\n<meta name=\"robots\" content=\"index, follow, max-snippet:-1, max-image-preview:large, max-video-preview:-1\" \/>\n<link rel=\"canonical\" href=\"https:\/\/gruponuno.com\/seguros\/newsletter\/\" \/>\n<meta property=\"og:locale\" content=\"es_ES\" \/>\n<meta property=\"og:type\" content=\"article\" \/>\n<meta property=\"og:title\" content=\"Newsletter - Grupo Nu\u00f1o\" \/>\n<meta property=\"og:description\" content=\"[newsletter]\" \/>\n<meta property=\"og:url\" content=\"https:\/\/gruponuno.com\/seguros\/newsletter\/\" \/>\n<meta property=\"og:site_name\" content=\"Grupo Nu\u00f1o\" \/>\n<meta property=\"article:publisher\" content=\"https:\/\/www.facebook.com\/gruponuno\/\" \/>\n<meta property=\"article:modified_time\" content=\"2022-11-18T19:54:11+00:00\" \/>\n<meta name=\"twitter:card\" content=\"summary_large_image\" \/>\n<meta name=\"twitter:site\" content=\"@gruponuno\" \/>\n<meta name=\"twitter:label1\" content=\"Tiempo de lectura\" \/>\n\t<meta name=\"twitter:data1\" content=\"1 minuto\" \/>\n<script type=\"application\/ld+json\" class=\"yoast-schema-graph\">{\"@context\":\"https:\/\/schema.org\",\"@graph\":[{\"@type\":\"WebPage\",\"@id\":\"https:\/\/gruponuno.com\/seguros\/newsletter\/\",\"url\":\"https:\/\/gruponuno.com\/seguros\/newsletter\/\",\"name\":\"Newsletter - Grupo Nu\u00f1o\",\"isPartOf\":{\"@id\":\"https:\/\/gruponuno.com\/seguros\/#website\"},\"datePublished\":\"2022-03-08T18:15:23+00:00\",\"dateModified\":\"2022-11-18T19:54:11+00:00\",\"breadcrumb\":{\"@id\":\"https:\/\/gruponuno.com\/seguros\/newsletter\/#breadcrumb\"},\"inLanguage\":\"es\",\"potentialAction\":[{\"@type\":\"ReadAction\",\"target\":[\"https:\/\/gruponuno.com\/seguros\/newsletter\/\"]}]},{\"@type\":\"BreadcrumbList\",\"@id\":\"https:\/\/gruponuno.com\/seguros\/newsletter\/#breadcrumb\",\"itemListElement\":[{\"@type\":\"ListItem\",\"position\":1,\"name\":\"Portada\",\"item\":\"https:\/\/gruponuno.com\/seguros\/\"},{\"@type\":\"ListItem\",\"position\":2,\"name\":\"Newsletter\"}]},{\"@type\":\"WebSite\",\"@id\":\"https:\/\/gruponuno.com\/seguros\/#website\",\"url\":\"https:\/\/gruponuno.com\/seguros\/\",\"name\":\"Grupo Nu\u00f1o\",\"description\":\"Somos especialistas en la prevenci\u00f3n de p\u00e9rdidas econ\u00f3micas para el sector log\u00edstico e industrial. Asegura con nosotros 800 024 9988; seguro para carga, contenedores, cr\u00e9dito, fraudes, gastos m\u00e9dicos, vida y autos\",\"publisher\":{\"@id\":\"https:\/\/gruponuno.com\/seguros\/#organization\"},\"alternateName\":\"Grupo Nu\u00f1o, m\u00e1s que Seguros y Fianzas\",\"potentialAction\":[{\"@type\":\"SearchAction\",\"target\":{\"@type\":\"EntryPoint\",\"urlTemplate\":\"https:\/\/gruponuno.com\/seguros\/?s={search_term_string}\"},\"query-input\":{\"@type\":\"PropertyValueSpecification\",\"valueRequired\":true,\"valueName\":\"search_term_string\"}}],\"inLanguage\":\"es\"},{\"@type\":\"Organization\",\"@id\":\"https:\/\/gruponuno.com\/seguros\/#organization\",\"name\":\"Grupo Nu\u00f1o\",\"alternateName\":\"Grupo Nu\u00f1o, m\u00e1s que Seguros y Fianzas\",\"url\":\"https:\/\/gruponuno.com\/seguros\/\",\"logo\":{\"@type\":\"ImageObject\",\"inLanguage\":\"es\",\"@id\":\"https:\/\/gruponuno.com\/seguros\/#\/schema\/logo\/image\/\",\"url\":\"https:\/\/gruponuno.com\/seguros\/wp-content\/uploads\/2022\/03\/Logo-Grupo-Nuno.png\",\"contentUrl\":\"https:\/\/gruponuno.com\/seguros\/wp-content\/uploads\/2022\/03\/Logo-Grupo-Nuno.png\",\"width\":170,\"height\":87,\"caption\":\"Grupo Nu\u00f1o\"},\"image\":{\"@id\":\"https:\/\/gruponuno.com\/seguros\/#\/schema\/logo\/image\/\"},\"sameAs\":[\"https:\/\/www.facebook.com\/gruponuno\/\",\"https:\/\/x.com\/gruponuno\"]}]}<\/script>\n<!-- \/ Yoast SEO plugin. -->","yoast_head_json":{"title":"Newsletter - Grupo Nu\u00f1o","robots":{"index":"index","follow":"follow","max-snippet":"max-snippet:-1","max-image-preview":"max-image-preview:large","max-video-preview":"max-video-preview:-1"},"canonical":"https:\/\/gruponuno.com\/seguros\/newsletter\/","og_locale":"es_ES","og_type":"article","og_title":"Newsletter - Grupo Nu\u00f1o","og_description":"[newsletter]","og_url":"https:\/\/gruponuno.com\/seguros\/newsletter\/","og_site_name":"Grupo Nu\u00f1o","article_publisher":"https:\/\/www.facebook.com\/gruponuno\/","article_modified_time":"2022-11-18T19:54:11+00:00","twitter_card":"summary_large_image","twitter_site":"@gruponuno","twitter_misc":{"Tiempo de lectura":"1 minuto"},"schema":{"@context":"https:\/\/schema.org","@graph":[{"@type":"WebPage","@id":"https:\/\/gruponuno.com\/seguros\/newsletter\/","url":"https:\/\/gruponuno.com\/seguros\/newsletter\/","name":"Newsletter - Grupo Nu\u00f1o","isPartOf":{"@id":"https:\/\/gruponuno.com\/seguros\/#website"},"datePublished":"2022-03-08T18:15:23+00:00","dateModified":"2022-11-18T19:54:11+00:00","breadcrumb":{"@id":"https:\/\/gruponuno.com\/seguros\/newsletter\/#breadcrumb"},"inLanguage":"es","potentialAction":[{"@type":"ReadAction","target":["https:\/\/gruponuno.com\/seguros\/newsletter\/"]}]},{"@type":"BreadcrumbList","@id":"https:\/\/gruponuno.com\/seguros\/newsletter\/#breadcrumb","itemListElement":[{"@type":"ListItem","position":1,"name":"Portada","item":"https:\/\/gruponuno.com\/seguros\/"},{"@type":"ListItem","position":2,"name":"Newsletter"}]},{"@type":"WebSite","@id":"https:\/\/gruponuno.com\/seguros\/#website","url":"https:\/\/gruponuno.com\/seguros\/","name":"Grupo Nu\u00f1o","description":"Somos especialistas en la prevenci\u00f3n de p\u00e9rdidas econ\u00f3micas para el sector log\u00edstico e industrial. Asegura con nosotros 800 024 9988; seguro para carga, contenedores, cr\u00e9dito, fraudes, gastos m\u00e9dicos, vida y autos","publisher":{"@id":"https:\/\/gruponuno.com\/seguros\/#organization"},"alternateName":"Grupo Nu\u00f1o, m\u00e1s que Seguros y Fianzas","potentialAction":[{"@type":"SearchAction","target":{"@type":"EntryPoint","urlTemplate":"https:\/\/gruponuno.com\/seguros\/?s={search_term_string}"},"query-input":{"@type":"PropertyValueSpecification","valueRequired":true,"valueName":"search_term_string"}}],"inLanguage":"es"},{"@type":"Organization","@id":"https:\/\/gruponuno.com\/seguros\/#organization","name":"Grupo Nu\u00f1o","alternateName":"Grupo Nu\u00f1o, m\u00e1s que Seguros y Fianzas","url":"https:\/\/gruponuno.com\/seguros\/","logo":{"@type":"ImageObject","inLanguage":"es","@id":"https:\/\/gruponuno.com\/seguros\/#\/schema\/logo\/image\/","url":"https:\/\/gruponuno.com\/seguros\/wp-content\/uploads\/2022\/03\/Logo-Grupo-Nuno.png","contentUrl":"https:\/\/gruponuno.com\/seguros\/wp-content\/uploads\/2022\/03\/Logo-Grupo-Nuno.png","width":170,"height":87,"caption":"Grupo Nu\u00f1o"},"image":{"@id":"https:\/\/gruponuno.com\/seguros\/#\/schema\/logo\/image\/"},"sameAs":["https:\/\/www.facebook.com\/gruponuno\/","https:\/\/x.com\/gruponuno"]}]}},"amp_enabled":true,"_links":{"self":[{"href":"https:\/\/gruponuno.com\/seguros\/wp-json\/wp\/v2\/pages\/7153"}],"collection":[{"href":"https:\/\/gruponuno.com\/seguros\/wp-json\/wp\/v2\/pages"}],"about":[{"href":"https:\/\/gruponuno.com\/seguros\/wp-json\/wp\/v2\/types\/page"}],"author":[{"embeddable":true,"href":"https:\/\/gruponuno.com\/seguros\/wp-json\/wp\/v2\/users\/1"}],"replies":[{"embeddable":true,"href":"https:\/\/gruponuno.com\/seguros\/wp-json\/wp\/v2\/comments?post=7153"}],"version-history":[{"count":1,"href":"https:\/\/gruponuno.com\/seguros\/wp-json\/wp\/v2\/pages\/7153\/revisions"}],"predecessor-version":[{"id":14817,"href":"https:\/\/gruponuno.com\/seguros\/wp-json\/wp\/v2\/pages\/7153\/revisions\/14817"}],"wp:attachment":[{"href":"https:\/\/gruponuno.com\/seguros\/wp-json\/wp\/v2\/media?parent=7153"}],"curies":[{"name":"wp","href":"https:\/\/api.w.org\/{rel}","templated":true}]}}